{"id":6817,"date":"2022-01-26T17:38:57","date_gmt":"2022-01-26T14:38:57","guid":{"rendered":"https:\/\/goprint.ee\/%d1%83%d1%81%d0%bb%d0%be%d0%b2%d0%b8%d1%8f-%d0%be%d0%bf%d0%bb%d0%b0%d1%82%d1%8b\/"},"modified":"2025-07-14T14:14:39","modified_gmt":"2025-07-14T11:14:39","slug":"payments","status":"publish","type":"page","link":"https:\/\/goprint.ee\/ru\/payments\/","title":{"rendered":"\u0423\u0441\u043b\u043e\u0432\u0438\u044f \u043e\u043f\u043b\u0430\u0442\u044b"},"content":{"rendered":"<p>[et_pb_section fb_built=&#8221;1&#8243; admin_label=&#8221;section&#8221; _builder_version=&#8221;4.16&#8243; global_colors_info=&#8221;{}&#8221;][et_pb_row admin_label=&#8221;row&#8221; _builder_version=&#8221;4.16&#8243; background_size=&#8221;initial&#8221; background_position=&#8221;top_left&#8221; background_repeat=&#8221;repeat&#8221; global_colors_info=&#8221;{}&#8221;][et_pb_column type=&#8221;4_4&#8243; _builder_version=&#8221;4.16&#8243; custom_padding=&#8221;|||&#8221; global_colors_info=&#8221;{}&#8221; custom_padding__hover=&#8221;|||&#8221;][et_pb_text admin_label=&#8221;Text&#8221; _builder_version=&#8221;4.22.1&#8243; header_2_font=&#8221;||||||||&#8221; header_2_text_color=&#8221;#2e4dd4&#8243; header_2_font_size=&#8221;28px&#8221; header_3_font=&#8221;||||||||&#8221; background_size=&#8221;initial&#8221; background_position=&#8221;top_left&#8221; background_repeat=&#8221;repeat&#8221; hover_enabled=&#8221;0&#8243; global_colors_info=&#8221;{}&#8221; sticky_enabled=&#8221;0&#8243;]<\/p>\n<h2>\u0423\u0441\u043b\u043e\u0432\u0438\u044f \u043e\u043f\u043b\u0430\u0442\u044b<\/h2>\n<p>&nbsp;<\/p>\n<p>\u0414\u043b\u044f \u0437\u0430\u043a\u0430\u0437\u0430 \u043f\u0435\u0447\u0430\u0442\u043d\u043e\u0439 \u043f\u0440\u043e\u0434\u0443\u043a\u0446\u0438\u0438 \u200b \u0432\u044b\u0431\u0435\u0440\u0438\u0442\u0435 \u0432\u0441\u0435 \u043d\u0435\u043e\u0431\u0445\u043e\u0434\u0438\u043c\u044b\u0435 \u043f\u0430\u0440\u0430\u043c\u0435\u0442\u0440\u044b (\u0440\u0430\u0437\u043c\u0435\u0440, \u0446\u0432\u0435\u0442, \u0431\u0443\u043c\u0430\u0433\u0430, \u043f\u043e\u0441\u0442\u043e\u0431\u0440\u0430\u0431\u043e\u0442\u043a\u0430 \u0438 \u043a\u043e\u043b\u0438\u0447\u0435\u0441\u0442\u0432\u043e), \u0434\u0430\u043b\u0435\u0435 \u043a\u0430\u043b\u044c\u043a\u0443\u043b\u044f\u0442\u043e\u0440 \u0446\u0435\u043d \u043f\u043e\u043a\u0430\u0437\u044b\u0432\u0430\u0435\u0442 \u0446\u0435\u043d\u0443 \u0442\u043e\u0432\u0430\u0440\u0430 \u043f\u043e \u0432\u044b\u0431\u0440\u0430\u043d\u043d\u044b\u043c \u043f\u0430\u0440\u0430\u043c\u0435\u0442\u0440\u0430\u043c, \u043f\u043e\u0441\u043b\u0435 \u0447\u0435\u0433\u043e \u043f\u0440\u043e\u0438\u0441\u0445\u043e\u0434\u0438\u0442 \u043e\u0444\u043e\u0440\u043c\u043b\u0435\u043d\u0438\u0435 \u0437\u0430\u043a\u0430\u0437\u0430. \u0415\u0441\u043b\u0438 \u0444\u0430\u0439\u043b \u0434\u043b\u044f \u043f\u0435\u0447\u0430\u0442\u0438 \u043e\u0442\u0441\u0443\u0442\u0441\u0442\u0432\u0443\u0435\u0442, \u043c\u043e\u0436\u043d\u043e \u0432\u044b\u0431\u0440\u0430\u0442\u044c \u0434\u043e\u043f\u043e\u043b\u043d\u0438\u0442\u0435\u043b\u044c\u043d\u0443\u044e \u0443\u0441\u043b\u0443\u0433\u0443 \u0434\u0438\u0437\u0430\u0439\u043d\u0430 \u0438 \u0434\u043e\u0431\u0430\u0432\u0438\u0442\u044c \u0435\u0435 \u0432 \u043a\u043e\u0440\u0437\u0438\u043d\u0443. \u0414\u043b\u044f \u043e\u0444\u043e\u0440\u043c\u043b\u0435\u043d\u0438\u044f \u0437\u0430\u043a\u0430\u0437\u0430 \u0437\u0430\u043f\u043e\u043b\u043d\u0438\u0442\u0435 \u043d\u0435\u043e\u0431\u0445\u043e\u0434\u0438\u043c\u044b\u0435 \u043f\u043e\u043b\u044f \u0438 \u0432\u044b\u0431\u0435\u0440\u0438\u0442\u0435 \u043f\u043e\u0434\u0445\u043e\u0434\u044f\u0449\u0438\u0439 \u0441\u043f\u043e\u0441\u043e\u0431 \u0434\u043e\u0441\u0442\u0430\u0432\u043a\u0438.<\/p>\n<p>\u0417\u0430\u0442\u0435\u043c \u043d\u0430 \u044d\u043a\u0440\u0430\u043d\u0435 \u043e\u0442\u043e\u0431\u0440\u0430\u0437\u0438\u0442\u0441\u044f \u0441\u0443\u043c\u043c\u0430 \u0437\u0430\u043a\u0430\u0437\u0430, \u043a\u043e\u0442\u043e\u0440\u0443\u044e \u043c\u043e\u0436\u043d\u043e \u0431\u0435\u0437\u043e\u043f\u0430\u0441\u043d\u043e \u043e\u043f\u043b\u0430\u0442\u0438\u0442\u044c \u0441\u043b\u0435\u0434\u0443\u044e\u0449\u0438\u043c\u0438 \u0441\u043f\u043e\u0441\u043e\u0431\u0430\u043c\u0438:<\/p>\n<ul>\n<li><strong>\u0421\u0441\u044b\u043b\u043a\u0438 \u043d\u0430 \u044d\u0441\u0442\u043e\u043d\u0441\u043a\u0438\u0435 \u0431\u0430\u043d\u043a\u0438: Swedbank, SEB, Luminor, LHV, Coop Pank, Pocopay<\/strong><\/li>\n<li><strong>\u0421\u0441\u044b\u043b\u043a\u0438 \u043d\u0430 \u0444\u0438\u043d\u0441\u043a\u0438\u0435 \u0431\u0430\u043d\u043a\u0438: Aktia, Bank of \u00c5land, Danske, Handelsbanken, Nordea, Oma S\u00e4\u00e4stopankki, Pohjola, POP Bank, S-Pankki, S\u00e4\u00e4stopankki<\/strong><\/li>\n<li><strong>\u0421\u0441\u044b\u043b\u043a\u0438 \u043d\u0430 \u043b\u0430\u0442\u0432\u0438\u0439\u0441\u043a\u0438\u0435 \u0431\u0430\u043d\u043a\u0438: Swedbank, SEB, Citadele \u0438 Luminor<\/strong><\/li>\n<li><strong>\u0421\u0441\u044b\u043b\u043a\u0438 \u043d\u0430 \u043b\u0438\u0442\u043e\u0432\u0441\u043a\u0438\u0435 \u0431\u0430\u043d\u043a\u0438: Swedbank, SEB \u0438 Luminor<\/strong><\/li>\n<\/ul>\n<p>NB! \u041f\u0440\u0438 \u043e\u043f\u043b\u0430\u0442\u0435 \u0431\u0430\u043d\u043a\u043e\u0432\u0441\u043a\u043e\u0439 \u0441\u0441\u044b\u043b\u043a\u043e\u0439 \u043e\u0431\u044f\u0437\u0430\u0442\u0435\u043b\u044c\u043d\u043e \u043d\u0430\u0436\u043c\u0438\u0442\u0435 \u043a\u043d\u043e\u043f\u043a\u0443 \u00ab\u0412\u0435\u0440\u043d\u0443\u0442\u044c\u0441\u044f \u043a \u043f\u0440\u043e\u0434\u0430\u0432\u0446\u0443\u00bb \u043d\u0430 \u0441\u0442\u0440\u0430\u043d\u0438\u0446\u0435 \u0431\u0430\u043d\u043a\u0430.<\/p>\n<p>\u041f\u043b\u0430\u0442\u0435\u0436\u0438 \u043e\u0441\u0443\u0449\u0435\u0441\u0442\u0432\u043b\u044f\u044e\u0442\u0441\u044f \u043f\u0440\u0438 \u043f\u043e\u0441\u0440\u0435\u0434\u043d\u0438\u0447\u0435\u0441\u0442\u0432\u0435 Montonio Finance UAB. \u041e\u043f\u043b\u0430\u0442\u0430 \u043f\u0440\u043e\u0438\u0437\u0432\u043e\u0434\u0438\u0442\u0441\u044f \u0432\u043d\u0435 \u0438\u043d\u0442\u0435\u0440\u043d\u0435\u0442-\u043c\u0430\u0433\u0430\u0437\u0438\u043d\u0430 \u0432 \u0431\u0435\u0437\u043e\u043f\u0430\u0441\u043d\u043e\u0439 \u0441\u0440\u0435\u0434\u0435 \u2013 \u043f\u0440\u0438 \u043e\u043f\u043b\u0430\u0442\u0435 \u0431\u0430\u043d\u043a\u043e\u0432\u0441\u043a\u043e\u0439 \u0441\u0441\u044b\u043b\u043a\u043e\u0439 \u0432 \u0431\u0435\u0437\u043e\u043f\u0430\u0441\u043d\u043e\u0439 \u0441\u0440\u0435\u0434\u0435 \u0441\u043e\u043e\u0442\u0432\u0435\u0442\u0441\u0442\u0432\u0443\u044e\u0449\u0435\u0433\u043e \u0431\u0430\u043d\u043a\u0430 \u0438 \u043f\u0440\u0438 \u043e\u043f\u043b\u0430\u0442\u0435 \u043a\u0440\u0435\u0434\u0438\u0442\u043d\u043e\u0439 \u043a\u0430\u0440\u0442\u043e\u0439 \u0432 \u0431\u0435\u0437\u043e\u043f\u0430\u0441\u043d\u043e\u0439 \u0441\u0440\u0435\u0434\u0435 Montonio Finance UAB. \u041f\u0440\u043e\u0434\u0430\u0432\u0435\u0446 \u043d\u0435 \u0438\u043c\u0435\u0435\u0442 \u0434\u043e\u0441\u0442\u0443\u043f\u0430 \u043a \u0431\u0430\u043d\u043a\u043e\u0432\u0441\u043a\u0438\u043c \u0440\u0435\u043a\u0432\u0438\u0437\u0438\u0442\u0430\u043c \u0438 \u0434\u0430\u043d\u043d\u044b\u043c \u043a\u0440\u0435\u0434\u0438\u0442\u043d\u043e\u0439 \u043a\u0430\u0440\u0442\u044b \u043f\u043e\u043a\u0443\u043f\u0430\u0442\u0435\u043b\u044f. \u0421\u043e\u0433\u043b\u0430\u0448\u0435\u043d\u0438\u0435 \u0432\u0441\u0442\u0443\u043f\u0430\u0435\u0442 \u0432 \u0441\u0438\u043b\u0443 \u0441 \u043c\u043e\u043c\u0435\u043d\u0442\u0430 \u043f\u043e\u0441\u0442\u0443\u043f\u043b\u0435\u043d\u0438\u044f \u043f\u0440\u0438\u0447\u0438\u0442\u0430\u044e\u0449\u0435\u0439\u0441\u044f \u0441\u0443\u043c\u043c\u044b \u043d\u0430 \u0440\u0430\u0441\u0447\u0435\u0442\u043d\u044b\u0439 \u0441\u0447\u0435\u0442 \u0438\u043d\u0442\u0435\u0440\u043d\u0435\u0442-\u043c\u0430\u0433\u0430\u0437\u0438\u043d\u0430. Printimiskeskus O\u00dc \u044f\u0432\u043b\u044f\u0435\u0442\u0441\u044f \u0433\u043b\u0430\u0432\u043d\u044b\u043c \u043e\u0431\u0440\u0430\u0431\u043e\u0442\u0447\u0438\u043a\u043e\u043c \u043f\u0435\u0440\u0441\u043e\u043d\u0430\u043b\u044c\u043d\u044b\u0445 \u0434\u0430\u043d\u043d\u044b\u0445 \u0438 \u043f\u0435\u0440\u0435\u0434\u0430\u0435\u0442 \u043f\u0435\u0440\u0441\u043e\u043d\u0430\u043b\u044c\u043d\u044b\u0435 \u0434\u0430\u043d\u043d\u044b\u0435, \u043d\u0435\u043e\u0431\u0445\u043e\u0434\u0438\u043c\u044b\u0435 \u0434\u043b\u044f \u043e\u0441\u0443\u0449\u0435\u0441\u0442\u0432\u043b\u0435\u043d\u0438\u044f \u043f\u043b\u0430\u0442\u0435\u0436\u0435\u0439, \u0430\u0432\u0442\u043e\u0440\u0438\u0437\u043e\u0432\u0430\u043d\u043d\u043e\u043c\u0443 \u043e\u0431\u0440\u0430\u0431\u043e\u0442\u0447\u0438\u043a\u0443 Montonio Finance UAB.<\/p>\n<p>\u041a\u043b\u0438\u0435\u043d\u0442 \u0431\u0443\u0434\u0435\u0442 \u0443\u0432\u0435\u0434\u043e\u043c\u043b\u0435\u043d \u043e \u0437\u0430\u0432\u0435\u0440\u0448\u0435\u043d\u0438\u0438 \u0437\u0430\u043a\u0430\u0437\u0430 \u043f\u043e \u044d\u043b\u0435\u043a\u0442\u0440\u043e\u043d\u043d\u043e\u0439 \u043f\u043e\u0447\u0442\u0435 \u0438\u043b\u0438 \u043f\u043e \u0441\u043c\u0441. \u0421\u0440\u043e\u043a \u0434\u043e\u0441\u0442\u0430\u0432\u043a\u0438 \u0437\u0430\u043a\u0430\u0437\u0430 \u043e\u0440\u0438\u0435\u043d\u0442\u0438\u0440\u043e\u0432\u043e\u0447\u043d\u044b\u0439 \u0438 \u0437\u0430\u0432\u0438\u0441\u0438\u0442 \u043e\u0442 \u043e\u0431\u044a\u0435\u043c\u0430 \u0437\u0430\u043a\u0430\u0437\u043e\u0432.<\/p>\n<p>\u0415\u0441\u043b\u0438 \u0437\u0430\u043a\u0430\u0437\u0430\u043d\u043d\u044b\u0439 \u0442\u043e\u0432\u0430\u0440 \u043d\u0435 \u043c\u043e\u0436\u0435\u0442 \u0431\u044b\u0442\u044c \u0434\u043e\u0441\u0442\u0430\u0432\u043b\u0435\u043d \u0432 \u0441\u0432\u044f\u0437\u0438 \u0441 \u0435\u0433\u043e \u043e\u043a\u043e\u043d\u0447\u0430\u043d\u0438\u0435\u043c \u0438\u043b\u0438 \u043f\u043e \u043b\u044e\u0431\u043e\u0439 \u0434\u0440\u0443\u0433\u043e\u0439 \u043f\u0440\u0438\u0447\u0438\u043d\u0435, \u043f\u043e\u043a\u0443\u043f\u0430\u0442\u0435\u043b\u044c \u0431\u0443\u0434\u0435\u0442 \u0443\u0432\u0435\u0434\u043e\u043c\u043b\u0435\u043d \u043e\u0431 \u044d\u0442\u043e\u043c \u0432 \u043a\u0440\u0430\u0442\u0447\u0430\u0439\u0448\u0438\u0435 \u0441\u0440\u043e\u043a\u0438, \u0430 \u0443\u043f\u043b\u0430\u0447\u0435\u043d\u043d\u044b\u0435 \u0434\u0435\u043d\u044c\u0433\u0438 (\u0432\u043a\u043b\u044e\u0447\u0430\u044f \u0441\u0442\u043e\u0438\u043c\u043e\u0441\u0442\u044c \u0434\u043e\u0441\u0442\u0430\u0432\u043a\u0438) \u0431\u0443\u0434\u0443\u0442 \u0432\u043e\u0437\u0432\u0440\u0430\u0449\u0435\u043d\u044b \u043d\u0435\u043c\u0435\u0434\u043b\u0435\u043d\u043d\u043e, \u043d\u043e \u043d\u0435 \u043f\u043e\u0437\u0434\u043d\u0435\u0435, \u0447\u0435\u043c \u0432 \u0442\u0435\u0447\u0435\u043d\u0438\u0435 14 \u0434\u043d\u0435\u0439 \u0441 \u043c\u043e\u043c\u0435\u043d\u0442\u0430 \u043e\u0442\u043f\u0440\u0430\u0432\u043a\u0438 \u0443\u0432\u0435\u0434\u043e\u043c\u043b\u0435\u043d\u0438\u044f. \u0418\u043d\u0442\u0435\u0440\u043d\u0435\u0442-\u043c\u0430\u0433\u0430\u0437\u0438\u043d \u043d\u0435 \u043e\u0431\u044f\u0437\u0430\u043d \u043f\u0440\u043e\u0432\u0435\u0440\u044f\u0442\u044c \u043f\u0440\u0435\u0434\u043e\u0441\u0442\u0430\u0432\u043b\u0435\u043d\u043d\u044b\u0435 \u0437\u0430\u043a\u0430\u0437\u0447\u0438\u043a\u043e\u043c \u0438\u0441\u0445\u043e\u0434\u043d\u044b\u0435 \u0434\u0430\u043d\u043d\u044b\u0435 \u0438 \u0441\u043e\u0434\u0435\u0440\u0436\u0430\u043d\u0438\u0435 \u0444\u0430\u0439\u043b\u043e\u0432. \u0422\u0430\u043a\u0436\u0435 \u0438\u043d\u0442\u0435\u0440\u043d\u0435\u0442-\u043c\u0430\u0433\u0430\u0437\u0438\u043d \u043d\u0435 \u043d\u0435\u0441\u0435\u0442 \u043e\u0442\u0432\u0435\u0442\u0441\u0442\u0432\u0435\u043d\u043d\u043e\u0441\u0442\u0438 \u0437\u0430 \u0434\u043e\u0441\u0442\u043e\u0432\u0435\u0440\u043d\u043e\u0441\u0442\u044c \u043f\u0440\u0435\u0434\u043e\u0441\u0442\u0430\u0432\u043b\u0435\u043d\u043d\u043e\u0439 \u0437\u0430\u043a\u0430\u0437\u0447\u0438\u043a\u043e\u043c \u0438\u043d\u0444\u043e\u0440\u043c\u0430\u0446\u0438\u0438 (\u0432 \u0442.\u0447. \u0432\u044b\u0431\u043e\u0440 \u0431\u0443\u043c\u0430\u0433\u0438, \u0440\u0430\u0437\u043c\u0435\u0440\u044b, \u0446\u0432\u0435\u0442 \u0438 \u0442.\u0434.)<\/p>\n<p>[\/et_pb_text][\/et_pb_column][\/et_pb_row][\/et_pb_section]<\/p>\n","protected":false},"excerpt":{"rendered":"<p>\u0423\u0441\u043b\u043e\u0432\u0438\u044f \u043e\u043f\u043b\u0430\u0442\u044b &nbsp; \u0414\u043b\u044f \u0437\u0430\u043a\u0430\u0437\u0430 \u043f\u0435\u0447\u0430\u0442\u043d\u043e\u0439 \u043f\u0440\u043e\u0434\u0443\u043a\u0446\u0438\u0438 \u200b \u0432\u044b\u0431\u0435\u0440\u0438\u0442\u0435 \u0432\u0441\u0435 \u043d\u0435\u043e\u0431\u0445\u043e\u0434\u0438\u043c\u044b\u0435 \u043f\u0430\u0440\u0430\u043c\u0435\u0442\u0440\u044b (\u0440\u0430\u0437\u043c\u0435\u0440, \u0446\u0432\u0435\u0442, \u0431\u0443\u043c\u0430\u0433\u0430, \u043f\u043e\u0441\u0442\u043e\u0431\u0440\u0430\u0431\u043e\u0442\u043a\u0430 \u0438 \u043a\u043e\u043b\u0438\u0447\u0435\u0441\u0442\u0432\u043e), \u0434\u0430\u043b\u0435\u0435 \u043a\u0430\u043b\u044c\u043a\u0443\u043b\u044f\u0442\u043e\u0440 \u0446\u0435\u043d \u043f\u043e\u043a\u0430\u0437\u044b\u0432\u0430\u0435\u0442 \u0446\u0435\u043d\u0443 \u0442\u043e\u0432\u0430\u0440\u0430 \u043f\u043e \u0432\u044b\u0431\u0440\u0430\u043d\u043d\u044b\u043c \u043f\u0430\u0440\u0430\u043c\u0435\u0442\u0440\u0430\u043c, \u043f\u043e\u0441\u043b\u0435 \u0447\u0435\u0433\u043e \u043f\u0440\u043e\u0438\u0441\u0445\u043e\u0434\u0438\u0442 \u043e\u0444\u043e\u0440\u043c\u043b\u0435\u043d\u0438\u0435 \u0437\u0430\u043a\u0430\u0437\u0430. \u0415\u0441\u043b\u0438 \u0444\u0430\u0439\u043b \u0434\u043b\u044f \u043f\u0435\u0447\u0430\u0442\u0438 \u043e\u0442\u0441\u0443\u0442\u0441\u0442\u0432\u0443\u0435\u0442, \u043c\u043e\u0436\u043d\u043e \u0432\u044b\u0431\u0440\u0430\u0442\u044c \u0434\u043e\u043f\u043e\u043b\u043d\u0438\u0442\u0435\u043b\u044c\u043d\u0443\u044e \u0443\u0441\u043b\u0443\u0433\u0443 \u0434\u0438\u0437\u0430\u0439\u043d\u0430 \u0438 \u0434\u043e\u0431\u0430\u0432\u0438\u0442\u044c \u0435\u0435 \u0432 \u043a\u043e\u0440\u0437\u0438\u043d\u0443. \u0414\u043b\u044f \u043e\u0444\u043e\u0440\u043c\u043b\u0435\u043d\u0438\u044f \u0437\u0430\u043a\u0430\u0437\u0430 \u0437\u0430\u043f\u043e\u043b\u043d\u0438\u0442\u0435 \u043d\u0435\u043e\u0431\u0445\u043e\u0434\u0438\u043c\u044b\u0435 \u043f\u043e\u043b\u044f \u0438 \u0432\u044b\u0431\u0435\u0440\u0438\u0442\u0435 [&hellip;]<\/p>\n","protected":false},"author":1,"featured_media":0,"parent":0,"menu_order":0,"comment_status":"closed","ping_status":"open","template":"","meta":{"_et_pb_use_builder":"on","_et_pb_old_content":"","_et_gb_content_width":"","inline_featured_image":false,"footnotes":""},"class_list":["post-6817","page","type-page","status-publish","hentry"],"yoast_head":"<!-- This site is optimized with the Yoast SEO plugin v25.6 - https:\/\/yoast.com\/wordpress\/plugins\/seo\/ -->\n<title>\u0423\u0441\u043b\u043e\u0432\u0438\u044f \u043e\u043f\u043b\u0430\u0442\u044b - GoPrint<\/title>\n<meta name=\"robots\" content=\"index, follow, max-snippet:-1, max-image-preview:large, max-video-preview:-1\" \/>\n<link rel=\"canonical\" href=\"https:\/\/goprint.ee\/ru\/payments\/\" \/>\n<meta property=\"og:locale\" content=\"ru_RU\" \/>\n<meta property=\"og:type\" content=\"article\" \/>\n<meta property=\"og:title\" content=\"\u0423\u0441\u043b\u043e\u0432\u0438\u044f \u043e\u043f\u043b\u0430\u0442\u044b - GoPrint\" \/>\n<meta property=\"og:description\" content=\"\u0423\u0441\u043b\u043e\u0432\u0438\u044f \u043e\u043f\u043b\u0430\u0442\u044b &nbsp; \u0414\u043b\u044f \u0437\u0430\u043a\u0430\u0437\u0430 \u043f\u0435\u0447\u0430\u0442\u043d\u043e\u0439 \u043f\u0440\u043e\u0434\u0443\u043a\u0446\u0438\u0438 \u200b \u0432\u044b\u0431\u0435\u0440\u0438\u0442\u0435 \u0432\u0441\u0435 \u043d\u0435\u043e\u0431\u0445\u043e\u0434\u0438\u043c\u044b\u0435 \u043f\u0430\u0440\u0430\u043c\u0435\u0442\u0440\u044b (\u0440\u0430\u0437\u043c\u0435\u0440, \u0446\u0432\u0435\u0442, \u0431\u0443\u043c\u0430\u0433\u0430, \u043f\u043e\u0441\u0442\u043e\u0431\u0440\u0430\u0431\u043e\u0442\u043a\u0430 \u0438 \u043a\u043e\u043b\u0438\u0447\u0435\u0441\u0442\u0432\u043e), \u0434\u0430\u043b\u0435\u0435 \u043a\u0430\u043b\u044c\u043a\u0443\u043b\u044f\u0442\u043e\u0440 \u0446\u0435\u043d \u043f\u043e\u043a\u0430\u0437\u044b\u0432\u0430\u0435\u0442 \u0446\u0435\u043d\u0443 \u0442\u043e\u0432\u0430\u0440\u0430 \u043f\u043e \u0432\u044b\u0431\u0440\u0430\u043d\u043d\u044b\u043c \u043f\u0430\u0440\u0430\u043c\u0435\u0442\u0440\u0430\u043c, \u043f\u043e\u0441\u043b\u0435 \u0447\u0435\u0433\u043e \u043f\u0440\u043e\u0438\u0441\u0445\u043e\u0434\u0438\u0442 \u043e\u0444\u043e\u0440\u043c\u043b\u0435\u043d\u0438\u0435 \u0437\u0430\u043a\u0430\u0437\u0430. \u0415\u0441\u043b\u0438 \u0444\u0430\u0439\u043b \u0434\u043b\u044f \u043f\u0435\u0447\u0430\u0442\u0438 \u043e\u0442\u0441\u0443\u0442\u0441\u0442\u0432\u0443\u0435\u0442, \u043c\u043e\u0436\u043d\u043e \u0432\u044b\u0431\u0440\u0430\u0442\u044c \u0434\u043e\u043f\u043e\u043b\u043d\u0438\u0442\u0435\u043b\u044c\u043d\u0443\u044e \u0443\u0441\u043b\u0443\u0433\u0443 \u0434\u0438\u0437\u0430\u0439\u043d\u0430 \u0438 \u0434\u043e\u0431\u0430\u0432\u0438\u0442\u044c \u0435\u0435 \u0432 \u043a\u043e\u0440\u0437\u0438\u043d\u0443. \u0414\u043b\u044f \u043e\u0444\u043e\u0440\u043c\u043b\u0435\u043d\u0438\u044f \u0437\u0430\u043a\u0430\u0437\u0430 \u0437\u0430\u043f\u043e\u043b\u043d\u0438\u0442\u0435 \u043d\u0435\u043e\u0431\u0445\u043e\u0434\u0438\u043c\u044b\u0435 \u043f\u043e\u043b\u044f \u0438 \u0432\u044b\u0431\u0435\u0440\u0438\u0442\u0435 [&hellip;]\" \/>\n<meta property=\"og:url\" content=\"https:\/\/goprint.ee\/ru\/payments\/\" \/>\n<meta property=\"og:site_name\" content=\"GoPrint\" \/>\n<meta property=\"article:modified_time\" content=\"2025-07-14T11:14:39+00:00\" \/>\n<meta name=\"twitter:card\" content=\"summary_large_image\" \/>\n<meta name=\"twitter:label1\" content=\"Est. reading time\" \/>\n\t<meta name=\"twitter:data1\" content=\"2 minutes\" \/>\n<script type=\"application\/ld+json\" class=\"yoast-schema-graph\">{\"@context\":\"https:\/\/schema.org\",\"@graph\":[{\"@type\":\"WebPage\",\"@id\":\"https:\/\/goprint.ee\/ru\/payments\/\",\"url\":\"https:\/\/goprint.ee\/ru\/payments\/\",\"name\":\"\u0423\u0441\u043b\u043e\u0432\u0438\u044f \u043e\u043f\u043b\u0430\u0442\u044b - GoPrint\",\"isPartOf\":{\"@id\":\"https:\/\/goprint.ee\/#website\"},\"datePublished\":\"2022-01-26T14:38:57+00:00\",\"dateModified\":\"2025-07-14T11:14:39+00:00\",\"breadcrumb\":{\"@id\":\"https:\/\/goprint.ee\/ru\/payments\/#breadcrumb\"},\"inLanguage\":\"ru\",\"potentialAction\":[{\"@type\":\"ReadAction\",\"target\":[\"https:\/\/goprint.ee\/ru\/payments\/\"]}]},{\"@type\":\"BreadcrumbList\",\"@id\":\"https:\/\/goprint.ee\/ru\/payments\/#breadcrumb\",\"itemListElement\":[{\"@type\":\"ListItem\",\"position\":1,\"name\":\"Home\",\"item\":\"https:\/\/goprint.ee\/ru\/\"},{\"@type\":\"ListItem\",\"position\":2,\"name\":\"\u0423\u0441\u043b\u043e\u0432\u0438\u044f \u043e\u043f\u043b\u0430\u0442\u044b\"}]},{\"@type\":\"WebSite\",\"@id\":\"https:\/\/goprint.ee\/#website\",\"url\":\"https:\/\/goprint.ee\/\",\"name\":\"GoPrint\",\"description\":\"\u0420\u0430\u0441\u0441\u0447\u0438\u0442\u0430\u0439 \u0438 \u0437\u0430\u043a\u0430\u0436\u0438 \u0443\u0441\u043b\u0443\u0433\u0438 \u043f\u0435\u0447\u0430\u0442\u0438 \u043f\u0440\u044f\u043c\u043e \u043d\u0430 \u0441\u0430\u0439\u0442\u0435\",\"potentialAction\":[{\"@type\":\"SearchAction\",\"target\":{\"@type\":\"EntryPoint\",\"urlTemplate\":\"https:\/\/goprint.ee\/?s={search_term_string}\"},\"query-input\":{\"@type\":\"PropertyValueSpecification\",\"valueRequired\":true,\"valueName\":\"search_term_string\"}}],\"inLanguage\":\"ru\"}]}<\/script>\n<!-- \/ Yoast SEO plugin. -->","yoast_head_json":{"title":"\u0423\u0441\u043b\u043e\u0432\u0438\u044f \u043e\u043f\u043b\u0430\u0442\u044b - GoPrint","robots":{"index":"index","follow":"follow","max-snippet":"max-snippet:-1","max-image-preview":"max-image-preview:large","max-video-preview":"max-video-preview:-1"},"canonical":"https:\/\/goprint.ee\/ru\/payments\/","og_locale":"ru_RU","og_type":"article","og_title":"\u0423\u0441\u043b\u043e\u0432\u0438\u044f \u043e\u043f\u043b\u0430\u0442\u044b - GoPrint","og_description":"\u0423\u0441\u043b\u043e\u0432\u0438\u044f \u043e\u043f\u043b\u0430\u0442\u044b &nbsp; \u0414\u043b\u044f \u0437\u0430\u043a\u0430\u0437\u0430 \u043f\u0435\u0447\u0430\u0442\u043d\u043e\u0439 \u043f\u0440\u043e\u0434\u0443\u043a\u0446\u0438\u0438 \u200b \u0432\u044b\u0431\u0435\u0440\u0438\u0442\u0435 \u0432\u0441\u0435 \u043d\u0435\u043e\u0431\u0445\u043e\u0434\u0438\u043c\u044b\u0435 \u043f\u0430\u0440\u0430\u043c\u0435\u0442\u0440\u044b (\u0440\u0430\u0437\u043c\u0435\u0440, \u0446\u0432\u0435\u0442, \u0431\u0443\u043c\u0430\u0433\u0430, \u043f\u043e\u0441\u0442\u043e\u0431\u0440\u0430\u0431\u043e\u0442\u043a\u0430 \u0438 \u043a\u043e\u043b\u0438\u0447\u0435\u0441\u0442\u0432\u043e), \u0434\u0430\u043b\u0435\u0435 \u043a\u0430\u043b\u044c\u043a\u0443\u043b\u044f\u0442\u043e\u0440 \u0446\u0435\u043d \u043f\u043e\u043a\u0430\u0437\u044b\u0432\u0430\u0435\u0442 \u0446\u0435\u043d\u0443 \u0442\u043e\u0432\u0430\u0440\u0430 \u043f\u043e \u0432\u044b\u0431\u0440\u0430\u043d\u043d\u044b\u043c \u043f\u0430\u0440\u0430\u043c\u0435\u0442\u0440\u0430\u043c, \u043f\u043e\u0441\u043b\u0435 \u0447\u0435\u0433\u043e \u043f\u0440\u043e\u0438\u0441\u0445\u043e\u0434\u0438\u0442 \u043e\u0444\u043e\u0440\u043c\u043b\u0435\u043d\u0438\u0435 \u0437\u0430\u043a\u0430\u0437\u0430. \u0415\u0441\u043b\u0438 \u0444\u0430\u0439\u043b \u0434\u043b\u044f \u043f\u0435\u0447\u0430\u0442\u0438 \u043e\u0442\u0441\u0443\u0442\u0441\u0442\u0432\u0443\u0435\u0442, \u043c\u043e\u0436\u043d\u043e \u0432\u044b\u0431\u0440\u0430\u0442\u044c \u0434\u043e\u043f\u043e\u043b\u043d\u0438\u0442\u0435\u043b\u044c\u043d\u0443\u044e \u0443\u0441\u043b\u0443\u0433\u0443 \u0434\u0438\u0437\u0430\u0439\u043d\u0430 \u0438 \u0434\u043e\u0431\u0430\u0432\u0438\u0442\u044c \u0435\u0435 \u0432 \u043a\u043e\u0440\u0437\u0438\u043d\u0443. \u0414\u043b\u044f \u043e\u0444\u043e\u0440\u043c\u043b\u0435\u043d\u0438\u044f \u0437\u0430\u043a\u0430\u0437\u0430 \u0437\u0430\u043f\u043e\u043b\u043d\u0438\u0442\u0435 \u043d\u0435\u043e\u0431\u0445\u043e\u0434\u0438\u043c\u044b\u0435 \u043f\u043e\u043b\u044f \u0438 \u0432\u044b\u0431\u0435\u0440\u0438\u0442\u0435 [&hellip;]","og_url":"https:\/\/goprint.ee\/ru\/payments\/","og_site_name":"GoPrint","article_modified_time":"2025-07-14T11:14:39+00:00","twitter_card":"summary_large_image","twitter_misc":{"Est. reading time":"2 minutes"},"schema":{"@context":"https:\/\/schema.org","@graph":[{"@type":"WebPage","@id":"https:\/\/goprint.ee\/ru\/payments\/","url":"https:\/\/goprint.ee\/ru\/payments\/","name":"\u0423\u0441\u043b\u043e\u0432\u0438\u044f \u043e\u043f\u043b\u0430\u0442\u044b - GoPrint","isPartOf":{"@id":"https:\/\/goprint.ee\/#website"},"datePublished":"2022-01-26T14:38:57+00:00","dateModified":"2025-07-14T11:14:39+00:00","breadcrumb":{"@id":"https:\/\/goprint.ee\/ru\/payments\/#breadcrumb"},"inLanguage":"ru","potentialAction":[{"@type":"ReadAction","target":["https:\/\/goprint.ee\/ru\/payments\/"]}]},{"@type":"BreadcrumbList","@id":"https:\/\/goprint.ee\/ru\/payments\/#breadcrumb","itemListElement":[{"@type":"ListItem","position":1,"name":"Home","item":"https:\/\/goprint.ee\/ru\/"},{"@type":"ListItem","position":2,"name":"\u0423\u0441\u043b\u043e\u0432\u0438\u044f \u043e\u043f\u043b\u0430\u0442\u044b"}]},{"@type":"WebSite","@id":"https:\/\/goprint.ee\/#website","url":"https:\/\/goprint.ee\/","name":"GoPrint","description":"\u0420\u0430\u0441\u0441\u0447\u0438\u0442\u0430\u0439 \u0438 \u0437\u0430\u043a\u0430\u0436\u0438 \u0443\u0441\u043b\u0443\u0433\u0438 \u043f\u0435\u0447\u0430\u0442\u0438 \u043f\u0440\u044f\u043c\u043e \u043d\u0430 \u0441\u0430\u0439\u0442\u0435","potentialAction":[{"@type":"SearchAction","target":{"@type":"EntryPoint","urlTemplate":"https:\/\/goprint.ee\/?s={search_term_string}"},"query-input":{"@type":"PropertyValueSpecification","valueRequired":true,"valueName":"search_term_string"}}],"inLanguage":"ru"}]}},"_links":{"self":[{"href":"https:\/\/goprint.ee\/ru\/wp-json\/wp\/v2\/pages\/6817","targetHints":{"allow":["GET"]}}],"collection":[{"href":"https:\/\/goprint.ee\/ru\/wp-json\/wp\/v2\/pages"}],"about":[{"href":"https:\/\/goprint.ee\/ru\/wp-json\/wp\/v2\/types\/page"}],"author":[{"embeddable":true,"href":"https:\/\/goprint.ee\/ru\/wp-json\/wp\/v2\/users\/1"}],"replies":[{"embeddable":true,"href":"https:\/\/goprint.ee\/ru\/wp-json\/wp\/v2\/comments?post=6817"}],"version-history":[{"count":5,"href":"https:\/\/goprint.ee\/ru\/wp-json\/wp\/v2\/pages\/6817\/revisions"}],"predecessor-version":[{"id":10091,"href":"https:\/\/goprint.ee\/ru\/wp-json\/wp\/v2\/pages\/6817\/revisions\/10091"}],"wp:attachment":[{"href":"https:\/\/goprint.ee\/ru\/wp-json\/wp\/v2\/media?parent=6817"}],"curies":[{"name":"wp","href":"https:\/\/api.w.org\/{rel}","templated":true}]}}