{"id":5565,"date":"2022-01-20T08:41:13","date_gmt":"2022-01-20T05:41:13","guid":{"rendered":"https:\/\/goprint.ee\/shop\/"},"modified":"2023-05-03T15:48:13","modified_gmt":"2023-05-03T12:48:13","slug":"shop","status":"publish","type":"page","link":"https:\/\/goprint.ee\/ru\/shop\/","title":{"rendered":"\u041f\u0435\u0447\u0430\u0442\u043d\u0430\u044f \u043f\u0440\u043e\u0434\u0443\u043a\u0446\u0438\u044f"},"content":{"rendered":"<p>[et_pb_section fb_built=&#8221;1&#8243; disabled_on=&#8221;on|off|off&#8221; _builder_version=&#8221;4.9.0&#8243; _module_preset=&#8221;default&#8221; custom_padding=&#8221;0px||0px||true|&#8221; global_colors_info=&#8221;{}&#8221;][et_pb_row _builder_version=&#8221;4.10.5&#8243; _module_preset=&#8221;default&#8221; background_image=&#8221;https:\/\/goprint.ee\/wp-content\/uploads\/2021\/07\/print_products_header.jpg&#8221; custom_margin=&#8221;35px||35px||false|false&#8221; custom_padding=&#8221;70px||70px|55px|true|false&#8221; border_radii=&#8221;on|25px|25px|25px|25px&#8221; box_shadow_style=&#8221;preset3&#8243; box_shadow_vertical=&#8221;1px&#8221; global_colors_info=&#8221;{}&#8221;][et_pb_column type=&#8221;4_4&#8243; _builder_version=&#8221;4.9.4&#8243; _module_preset=&#8221;default&#8221; global_colors_info=&#8221;{}&#8221;][et_pb_text _builder_version=&#8221;4.9.4&#8243; _module_preset=&#8221;default&#8221; header_2_font=&#8221;|700|||||||&#8221; header_2_text_color=&#8221;#FFFFFF&#8221; header_2_font_size=&#8221;60px&#8221; width=&#8221;90%&#8221; custom_margin=&#8221;||0px||false|false&#8221; global_colors_info=&#8221;{}&#8221;]<\/p>\n<h2>\u201c\u042f \u0432\u044b\u0431\u0438\u0440\u0430\u044e \u044f\u0440\u043a\u0443\u044e \u0436\u0438\u0437\u043d\u044c\u201d<\/h2>\n<p>[\/et_pb_text][et_pb_text _builder_version=&#8221;4.9.4&#8243; _module_preset=&#8221;default&#8221; text_text_color=&#8221;#FFFFFF&#8221; text_font_size=&#8221;15px&#8221; text_orientation=&#8221;right&#8221; width=&#8221;52%&#8221; global_colors_info=&#8221;{}&#8221;]~ \u0412\u0441\u0435\u0433\u0434\u0430 \u0435\u0441\u0442\u044c \u0432\u0435\u0441\u043a\u0430\u044f \u043f\u0440\u0438\u0447\u0438\u043d\u0430 \u0434\u043b\u044f \u043f\u0435\u0447\u0430\u0442\u0438[\/et_pb_text][\/et_pb_column][\/et_pb_row][\/et_pb_section][et_pb_section fb_built=&#8221;1&#8243; module_id=&#8221;range-layout&#8221; _builder_version=&#8221;4.9.4&#8243; background_color=&#8221;RGBA(0,0,0,0)&#8221; min_height=&#8221;1059.9px&#8221; custom_margin=&#8221;||-4px|||&#8221; custom_padding=&#8221;||4px|||&#8221; global_module=&#8221;7272&#8243; saved_tabs=&#8221;all&#8221; collapsed=&#8221;off&#8221; global_colors_info=&#8221;{}&#8221;][et_pb_row _builder_version=&#8221;3.25&#8243; custom_padding=&#8221;0px||35px||false|&#8221; global_colors_info=&#8221;{}&#8221;][et_pb_column type=&#8221;4_4&#8243; _builder_version=&#8221;3.25&#8243; custom_padding=&#8221;|||&#8221; global_colors_info=&#8221;{}&#8221; custom_padding__hover=&#8221;|||&#8221;][et_pb_text _builder_version=&#8221;4.9.4&#8243; _module_preset=&#8221;default&#8221; header_3_font=&#8221;|700||on|||||&#8221; header_3_text_color=&#8221;#ef4c00&#8243; background_color=&#8221;RGBA(0,0,0,0)&#8221; custom_margin=&#8221;||-1px|||&#8221; global_colors_info=&#8221;{}&#8221;]<\/p>\n<h3>Tooted<\/h3>\n<p>[\/et_pb_text][\/et_pb_column][\/et_pb_row][et_pb_row column_structure=&#8221;1_3,1_3,1_3&#8243; module_id=&#8221;shop-items&#8221; _builder_version=&#8221;4.10.5&#8243; global_colors_info=&#8221;{}&#8221;][et_pb_column type=&#8221;1_3&#8243; _builder_version=&#8221;3.25&#8243; custom_padding=&#8221;|||&#8221; global_colors_info=&#8221;{}&#8221; custom_padding__hover=&#8221;|||&#8221;][et_pb_blurb title=&#8221;Visiitkaardid&#8221; image=&#8221;https:\/\/goprint.ee\/wp-content\/uploads\/2021\/05\/goprint_business_card.jpg&#8221; _builder_version=&#8221;4.13.0&#8243; _module_preset=&#8221;default&#8221; header_font=&#8221;|600|||||||&#8221; header_text_color=&#8221;#2e4dd4&#8243; body_link_text_color=&#8221;#ef4c00&#8243; background_color=&#8221;#FFFFFF&#8221; link_option_url=&#8221;https:\/\/goprint.ee\/en\/product\/business-cards\/&#8221; sticky_position_last_edited=&#8221;off|desktop&#8221; border_radii=&#8221;on|15px|15px|15px|15px&#8221; border_color_all=&#8221;#c4c4c4&#8243; box_shadow_style=&#8221;preset3&#8243; box_shadow_vertical=&#8221;1px&#8221; global_colors_info=&#8221;{}&#8221; transform_styles__hover_enabled=&#8221;on|hover&#8221; transform_scale__hover_enabled=&#8221;on|hover&#8221; transform_translate__hover_enabled=&#8221;on|desktop&#8221; transform_rotate__hover_enabled=&#8221;on|desktop&#8221; transform_skew__hover_enabled=&#8221;on|desktop&#8221; transform_origin__hover_enabled=&#8221;on|desktop&#8221; transform_scale__hover=&#8221;102%|102%&#8221;]<\/p>\n<p>Parim viis positiivse esmamulje loomiseks. Printige matt- v\u00f5i l\u00e4ikpaberile, v\u00f5imalikud muud efektid.<\/p>\n<p><a href=\"https:\/\/goprint.ee\/ru\/product\/business-cards\/\">Visiitkaartide printimine &gt;<\/a><\/p>\n<p>[\/et_pb_blurb][\/et_pb_column][et_pb_column type=&#8221;1_3&#8243; _builder_version=&#8221;3.25&#8243; custom_padding=&#8221;|||&#8221; global_colors_info=&#8221;{}&#8221; custom_padding__hover=&#8221;|||&#8221;][et_pb_blurb title=&#8221;Flaierid&#8221; image=&#8221;https:\/\/goprint.ee\/wp-content\/uploads\/2021\/05\/goprint_flayer.jpg&#8221; _builder_version=&#8221;4.13.0&#8243; _module_preset=&#8221;default&#8221; header_font=&#8221;|600|||||||&#8221; header_text_color=&#8221;#2e4dd4&#8243; body_link_text_color=&#8221;#ef4c00&#8243; background_color=&#8221;#FFFFFF&#8221; link_option_url=&#8221;https:\/\/goprint.ee\/product\/flaierid\/&#8221; border_radii=&#8221;on|15px|15px|15px|15px&#8221; border_color_all=&#8221;#c4c4c4&#8243; box_shadow_style=&#8221;preset3&#8243; box_shadow_vertical=&#8221;1px&#8221; global_colors_info=&#8221;{}&#8221; transform_styles__hover_enabled=&#8221;on|hover&#8221; transform_scale__hover_enabled=&#8221;on|hover&#8221; transform_translate__hover_enabled=&#8221;on|desktop&#8221; transform_rotate__hover_enabled=&#8221;on|desktop&#8221; transform_skew__hover_enabled=&#8221;on|desktop&#8221; transform_origin__hover_enabled=&#8221;on|desktop&#8221; transform_scale__hover=&#8221;102%|102%&#8221;]<\/p>\n<p>Parim v\u00f5imalus oma toodet\/teenust m\u00f6\u00f6dujale tutvustada on ulatades talle flaier.<\/p>\n<p><a href=\"https:\/\/goprint.ee\/ru\/product\/leaflets\/\">Prindi flaiereid &gt;<\/a><\/p>\n<p>[\/et_pb_blurb][\/et_pb_column][et_pb_column type=&#8221;1_3&#8243; _builder_version=&#8221;3.25&#8243; custom_padding=&#8221;|||&#8221; global_colors_info=&#8221;{}&#8221; custom_padding__hover=&#8221;|||&#8221;][et_pb_blurb title=&#8221;Voldikud&#8221; image=&#8221;https:\/\/goprint.ee\/wp-content\/uploads\/2021\/05\/goprint_bocklet.jpg&#8221; _builder_version=&#8221;4.13.0&#8243; _module_preset=&#8221;default&#8221; header_font=&#8221;|600|||||||&#8221; header_text_color=&#8221;#2e4dd4&#8243; body_link_text_color=&#8221;#ef4c00&#8243; background_color=&#8221;#FFFFFF&#8221; link_option_url=&#8221;https:\/\/goprint.ee\/product\/voldikud\/&#8221; border_radii=&#8221;on|15px|15px|15px|15px&#8221; border_color_all=&#8221;#c4c4c4&#8243; box_shadow_style=&#8221;preset3&#8243; box_shadow_vertical=&#8221;1px&#8221; global_colors_info=&#8221;{}&#8221; transform_styles__hover_enabled=&#8221;on|hover&#8221; transform_scale__hover=&#8221;102%|102%&#8221; transform_scale__hover_enabled=&#8221;on|hover&#8221; transform_translate__hover_enabled=&#8221;on|desktop&#8221; transform_rotate__hover_enabled=&#8221;on|desktop&#8221; transform_skew__hover_enabled=&#8221;on|desktop&#8221; transform_origin__hover_enabled=&#8221;on|desktop&#8221;]<\/p>\n<p>Voldik on suurep\u00e4rane viis jagamaks teavet klientidele oma toodetest\/teenustest.<\/p>\n<p><a href=\"https:\/\/goprint.ee\/ru\/product\/booklets\/\">Printige voldikud &gt;<\/a><\/p>\n<p>[\/et_pb_blurb][\/et_pb_column][\/et_pb_row][et_pb_row column_structure=&#8221;1_3,1_3,1_3&#8243; module_id=&#8221;shop-items&#8221; _builder_version=&#8221;4.9.4&#8243; global_colors_info=&#8221;{}&#8221;][et_pb_column type=&#8221;1_3&#8243; _builder_version=&#8221;3.25&#8243; custom_padding=&#8221;|||&#8221; global_colors_info=&#8221;{}&#8221; custom_padding__hover=&#8221;|||&#8221;][et_pb_blurb title=&#8221;Postkaardid&#8221; image=&#8221;https:\/\/goprint.ee\/wp-content\/uploads\/2021\/05\/goprint_postcard_.jpg&#8221; _builder_version=&#8221;4.13.0&#8243; _module_preset=&#8221;default&#8221; header_font=&#8221;|600|||||||&#8221; header_text_color=&#8221;#2e4dd4&#8243; body_link_text_color=&#8221;#ef4c00&#8243; background_color=&#8221;#FFFFFF&#8221; link_option_url=&#8221;https:\/\/goprint.ee\/product\/postkaardid\/&#8221; border_radii=&#8221;on|15px|15px|15px|15px&#8221; border_color_all=&#8221;#c4c4c4&#8243; box_shadow_style=&#8221;preset3&#8243; box_shadow_vertical=&#8221;1px&#8221; global_colors_info=&#8221;{}&#8221; transform_styles__hover_enabled=&#8221;on|hover&#8221; transform_scale__hover=&#8221;102%|102%&#8221; transform_scale__hover_enabled=&#8221;on|hover&#8221; transform_translate__hover_enabled=&#8221;on|desktop&#8221; transform_rotate__hover_enabled=&#8221;on|desktop&#8221; transform_skew__hover_enabled=&#8221;on|desktop&#8221; transform_origin__hover_enabled=&#8221;on|desktop&#8221;]<\/p>\n<p>Saatke erikutsed oma l\u00e4hedastele, s\u00f5pradele ja \u00e4ripartneritele ning kolleegidele.<\/p>\n<p><a href=\"https:\/\/goprint.ee\/ru\/product\/postcards\/\">Postkaartide printimine &gt;<\/a><\/p>\n<p>[\/et_pb_blurb][\/et_pb_column][et_pb_column type=&#8221;1_3&#8243; _builder_version=&#8221;3.25&#8243; custom_padding=&#8221;|||&#8221; global_colors_info=&#8221;{}&#8221; custom_padding__hover=&#8221;|||&#8221;][et_pb_blurb title=&#8221;Plakatid&#8221; image=&#8221;https:\/\/goprint.ee\/wp-content\/uploads\/2021\/05\/goprint_poster.jpg&#8221; _builder_version=&#8221;4.13.0&#8243; _module_preset=&#8221;default&#8221; header_font=&#8221;|600|||||||&#8221; header_text_color=&#8221;#2e4dd4&#8243; body_link_text_color=&#8221;#ef4c00&#8243; background_color=&#8221;#FFFFFF&#8221; link_option_url=&#8221;https:\/\/goprint.ee\/product\/plakatid\/&#8221; border_radii=&#8221;on|15px|15px|15px|15px&#8221; border_color_all=&#8221;#c4c4c4&#8243; box_shadow_style=&#8221;preset3&#8243; box_shadow_vertical=&#8221;1px&#8221; global_colors_info=&#8221;{}&#8221; transform_styles__hover_enabled=&#8221;on|hover&#8221; transform_scale__hover=&#8221;102%|102%&#8221; transform_scale__hover_enabled=&#8221;on|hover&#8221; transform_translate__hover_enabled=&#8221;on|desktop&#8221; transform_rotate__hover_enabled=&#8221;on|desktop&#8221; transform_skew__hover_enabled=&#8221;on|desktop&#8221; transform_origin__hover_enabled=&#8221;on|desktop&#8221;]<\/p>\n<p>Toetage oma visuaali, n\u00e4idake oma stiili ja suhtumist v\u00f5i kuulutage oma s\u00fcndmust iga\u00fchele.<\/p>\n<p><a href=\"https:\/\/goprint.ee\/ru\/product\/posters\/\">Prindi plakatid &gt;<\/a><\/p>\n<p>[\/et_pb_blurb][\/et_pb_column][et_pb_column type=&#8221;1_3&#8243; _builder_version=&#8221;3.25&#8243; custom_padding=&#8221;|||&#8221; global_colors_info=&#8221;{}&#8221; custom_padding__hover=&#8221;|||&#8221;][et_pb_blurb title=&#8221;Roll Up&#8221; image=&#8221;https:\/\/goprint.ee\/wp-content\/uploads\/2021\/05\/goprint_rollup.jpg&#8221; _builder_version=&#8221;4.13.0&#8243; _module_preset=&#8221;default&#8221; header_font=&#8221;|600|||||||&#8221; header_text_color=&#8221;#2e4dd4&#8243; body_link_text_color=&#8221;#ef4c00&#8243; background_color=&#8221;#FFFFFF&#8221; link_option_url=&#8221;https:\/\/goprint.ee\/product\/roll-up\/&#8221; border_radii=&#8221;on|15px|15px|15px|15px&#8221; border_color_all=&#8221;#c4c4c4&#8243; box_shadow_style=&#8221;preset3&#8243; box_shadow_vertical=&#8221;1px&#8221; global_colors_info=&#8221;{}&#8221; transform_styles__hover_enabled=&#8221;on|hover&#8221; transform_scale__hover=&#8221;102%|102%&#8221; transform_scale__hover_enabled=&#8221;on|hover&#8221; transform_translate__hover_enabled=&#8221;on|desktop&#8221; transform_rotate__hover_enabled=&#8221;on|desktop&#8221; transform_skew__hover_enabled=&#8221;on|desktop&#8221; transform_origin__hover_enabled=&#8221;on|desktop&#8221;]<\/p>\n<p>V\u00f5imas vahend s\u00f5numi edastamiseks, oma pildi toetamiseks poes, \u00fcritustel ja seminaridel.<\/p>\n<p><a href=\"https:\/\/goprint.ee\/ru\/product\/roll-up\/\">Prindi Roll Up &gt;<\/a><\/p>\n<p>[\/et_pb_blurb][\/et_pb_column][\/et_pb_row][\/et_pb_section][et_pb_section fb_built=&#8221;1&#8243; _builder_version=&#8221;4.10.5&#8243; _module_preset=&#8221;default&#8221; background_image=&#8221;https:\/\/goprint.ee\/wp-content\/uploads\/2021\/06\/design___.jpg&#8221; background_position=&#8221;center_right&#8221; custom_padding=&#8221;0px|||||&#8221; background_last_edited=&#8221;on|desktop&#8221; parallax_tablet=&#8221;off&#8221; background_size_phone=&#8221;contain&#8221; background_position_tablet=&#8221;center_right&#8221; background_position_phone=&#8221;bottom_right&#8221; filter_opacity_tablet=&#8221;100%&#8221; filter_opacity_phone=&#8221;&#8221; filter_opacity_last_edited=&#8221;on|desktop&#8221; global_module=&#8221;4835&#8243; saved_tabs=&#8221;all&#8221; global_colors_info=&#8221;{}&#8221;][et_pb_row column_structure=&#8221;2_3,1_3&#8243; _builder_version=&#8221;4.9.0&#8243; _module_preset=&#8221;default&#8221; custom_padding=&#8221;42px|||||&#8221; global_colors_info=&#8221;{}&#8221;][et_pb_column type=&#8221;2_3&#8243; _builder_version=&#8221;4.9.0&#8243; _module_preset=&#8221;default&#8221; global_colors_info=&#8221;{}&#8221;][\/et_pb_column][et_pb_column type=&#8221;1_3&#8243; _builder_version=&#8221;4.9.0&#8243; _module_preset=&#8221;default&#8221; global_colors_info=&#8221;{}&#8221;][et_pb_text content_tablet=&#8221;<\/p>\n<p>\u00a0<\/p>\n<h4 style=%22text-align: center;%22><span style=%22color: #ff6600;%22>PERSONAALNE KUJUNDUS, MIS PANEB TR\u00dcKISE S\u00c4RAMA<\/span><\/h4>\n<p style=%22text-align: center;%22><span style=%22color: #ffffff;%22>Go Prindi professionaalsed kujundajad loovad Sulle unikaalse kujunduse, mis teeb Su tr\u00fckise pilkup\u00fc\u00fcdvaks ja t\u00f5stab selle esile.<\/span><\/p>\n<p style=%22text-align: center;%22><span style=%22color: #ffffff;%22><a href=%22https:\/\/goprint.ee\/wp-content\/uploads\/2021\/06\/right-arrow.svg%22 style=%22color: #ffffff;%22><img class=%22wp-image-3071 alignnone %22 src=%22https:\/\/goprint.ee\/wp-content\/uploads\/2021\/06\/right-arrow.svg%22 alt=%22%22 width=%2213%22 height=%2213%22 \/><\/a> <a href=%22\/product\/sinu-trukise-kujundus\/%22 style=%22color: #ffffff;%22>Telli kujundus<\/a><\/span><\/p>\n<p>\u00a0<\/p>\n<p>&#8221; content_phone=&#8221;<\/p>\n<h4 style=%22text-align: center;%22><span style=%22color: #ff6600;%22>PERSONAALNE KUJUNDUS, MIS PANEB TR\u00dcKISE S\u00c4RAMA<\/span><\/h4>\n<p style=%22text-align: center;%22><span style=%22color: #333333;%22><a href=%22https:\/\/goprint.ee\/wp-content\/uploads\/2021\/06\/right-arrow.svg%22 style=%22color: #333333;%22><img class=%22wp-image-3071 alignnone %22 src=%22https:\/\/goprint.ee\/wp-content\/uploads\/2021\/06\/right-arrow.svg%22 alt=%22%22 width=%2213%22 height=%2213%22 \/><\/a> <a href=%22https:\/\/goprint.ee\/ru\/product\/sinu-trukise-kujundus-2\/%22 style=%22color: #333333;%22>Telli kujundus<\/a><\/span><\/p>\n<p>&#8221; content_last_edited=&#8221;on|phone&#8221; _builder_version=&#8221;4.10.5&#8243; _module_preset=&#8221;default&#8221; link_font=&#8221;|||on|||||&#8221; link_text_color=&#8221;#000000&#8243; header_4_font=&#8221;|600||on|||||&#8221; header_4_text_align=&#8221;left&#8221; header_4_text_color=&#8221;#FFFFFF&#8221; header_4_font_size=&#8221;20px&#8221; header_4_line_height=&#8221;1.2em&#8221; global_colors_info=&#8221;{}&#8221;]<\/p>\n<h4><span style=\"color: #ff6600;\">\u041f\u0415\u0420\u0421\u041e\u041d\u0410\u041b\u042c\u041d\u042b\u0419 \u0414\u0418\u0417\u0410\u0419\u041d, \u041a\u041e\u0422\u041e\u0420\u042b\u0419 \u0417\u0410\u0421\u0422\u0410\u0412\u041b\u042f\u0415\u0422 \u041f\u0415\u0427\u0410\u0422\u042c \u0421\u0418\u042f\u0422\u042c<\/span><\/h4>\n<p><span style=\"color: #ffffff;\">\u041f\u0415\u0420\u0421\u041e\u041d\u0410\u041b\u042c\u041d\u042b\u0419 \u0414\u0418\u0417\u0410\u0419\u041d, \u041a\u041e\u0422\u041e\u0420\u042b\u0419 \u0417\u0410\u0421\u0422\u0410\u0412\u041b\u042f\u0415\u0422 \u041f\u0415\u0427\u0410\u0422\u042c \u0421\u0418\u042f\u0422\u042c<br \/>\n\u041f\u0440\u043e\u0444\u0435\u0441\u0441\u0438\u043e\u043d\u0430\u043b\u044c\u043d\u044b\u0435 \u0434\u0438\u0437\u0430\u0439\u043d\u0435\u0440\u044b Go Print \u0441\u043e\u0437\u0434\u0430\u0434\u0443\u0442 \u0434\u043b\u044f \u0432\u0430\u0441 \u0443\u043d\u0438\u043a\u0430\u043b\u044c\u043d\u044b\u0439 \u0434\u0438\u0437\u0430\u0439\u043d, \u043a\u043e\u0442\u043e\u0440\u044b\u0439 \u0441\u0434\u0435\u043b\u0430\u0435\u0442 \u0432\u0430\u0448\u0435 \u0438\u0437\u0434\u0430\u043d\u0438\u0435 \u043f\u0440\u0438\u0432\u043b\u0435\u043a\u0430\u0442\u0435\u043b\u044c\u043d\u044b\u043c \u0438 \u0432\u044b\u0434\u0435\u043b\u044f\u044e\u0449\u0438\u043c\u0441\u044f.<\/span><\/p>\n<p><a href=\"https:\/\/goprint.ee\/wp-content\/uploads\/2021\/06\/right-arrow.svg\"><img loading=\"lazy\" decoding=\"async\" class=\"wp-image-3071 alignnone \" src=\"https:\/\/goprint.ee\/wp-content\/uploads\/2021\/06\/right-arrow.svg\" alt=\"\" width=\"13\" height=\"13\" \/><\/a> <span style=\"color: #800080;\"><a href=\"https:\/\/goprint.ee\/ru\/product\/design-your-print\/\" style=\"color: #800080;\">\u0417\u0410\u041a\u0410\u0417\u0410\u0422\u042c \u0414\u0418\u0417\u0410\u0419\u041d<\/a><\/span><\/p>\n<p>[\/et_pb_text][\/et_pb_column][\/et_pb_row][\/et_pb_section]<\/p>\n","protected":false},"excerpt":{"rendered":"<p>\u201c\u042f \u0432\u044b\u0431\u0438\u0440\u0430\u044e \u044f\u0440\u043a\u0443\u044e \u0436\u0438\u0437\u043d\u044c\u201d~ \u0412\u0441\u0435\u0433\u0434\u0430 \u0435\u0441\u0442\u044c \u0432\u0435\u0441\u043a\u0430\u044f \u043f\u0440\u0438\u0447\u0438\u043d\u0430 \u0434\u043b\u044f \u043f\u0435\u0447\u0430\u0442\u0438TootedParim viis positiivse esmamulje loomiseks. Printige matt- v\u00f5i l\u00e4ikpaberile, v\u00f5imalikud muud efektid. Visiitkaartide printimine &gt;Parim v\u00f5imalus oma toodet\/teenust m\u00f6\u00f6dujale tutvustada on ulatades talle flaier. Prindi flaiereid &gt;Voldik on suurep\u00e4rane viis jagamaks teavet klientidele oma toodetest\/teenustest. Printige voldikud &gt;Saatke erikutsed oma l\u00e4hedastele, s\u00f5pradele ja \u00e4ripartneritele ning kolleegidele. [&hellip;]<\/p>\n","protected":false},"author":1,"featured_media":0,"parent":0,"menu_order":0,"comment_status":"closed","ping_status":"open","template":"","meta":{"_et_pb_use_builder":"on","_et_pb_old_content":"","_et_gb_content_width":"","inline_featured_image":false,"footnotes":""},"class_list":["post-5565","page","type-page","status-publish","hentry"],"yoast_head":"<!-- This site is optimized with the Yoast SEO plugin v25.6 - https:\/\/yoast.com\/wordpress\/plugins\/seo\/ -->\n<title>\u041f\u0435\u0447\u0430\u0442\u043d\u0430\u044f \u043f\u0440\u043e\u0434\u0443\u043a\u0446\u0438\u044f - GoPrint<\/title>\n<meta name=\"robots\" content=\"index, follow, max-snippet:-1, max-image-preview:large, max-video-preview:-1\" \/>\n<link rel=\"canonical\" href=\"https:\/\/goprint.ee\/tooted\/\" \/>\n<meta property=\"og:locale\" content=\"ru_RU\" \/>\n<meta property=\"og:type\" content=\"article\" \/>\n<meta property=\"og:title\" content=\"\u041f\u0435\u0447\u0430\u0442\u043d\u0430\u044f \u043f\u0440\u043e\u0434\u0443\u043a\u0446\u0438\u044f - GoPrint\" \/>\n<meta property=\"og:description\" content=\"\u201c\u042f \u0432\u044b\u0431\u0438\u0440\u0430\u044e \u044f\u0440\u043a\u0443\u044e \u0436\u0438\u0437\u043d\u044c\u201d~ \u0412\u0441\u0435\u0433\u0434\u0430 \u0435\u0441\u0442\u044c \u0432\u0435\u0441\u043a\u0430\u044f \u043f\u0440\u0438\u0447\u0438\u043d\u0430 \u0434\u043b\u044f \u043f\u0435\u0447\u0430\u0442\u0438TootedParim viis positiivse esmamulje loomiseks. Printige matt- v\u00f5i l\u00e4ikpaberile, v\u00f5imalikud muud efektid. Visiitkaartide printimine &gt;Parim v\u00f5imalus oma toodet\/teenust m\u00f6\u00f6dujale tutvustada on ulatades talle flaier. Prindi flaiereid &gt;Voldik on suurep\u00e4rane viis jagamaks teavet klientidele oma toodetest\/teenustest. Printige voldikud &gt;Saatke erikutsed oma l\u00e4hedastele, s\u00f5pradele ja \u00e4ripartneritele ning kolleegidele. [&hellip;]\" \/>\n<meta property=\"og:url\" content=\"https:\/\/goprint.ee\/tooted\/\" \/>\n<meta property=\"og:site_name\" content=\"GoPrint\" \/>\n<meta property=\"article:modified_time\" content=\"2023-05-03T12:48:13+00:00\" \/>\n<meta property=\"og:image\" content=\"https:\/\/goprint.ee\/wp-content\/uploads\/2021\/06\/right-arrow.svg\" \/>\n<meta name=\"twitter:card\" content=\"summary_large_image\" \/>\n<meta name=\"twitter:label1\" content=\"Est. reading time\" \/>\n\t<meta name=\"twitter:data1\" content=\"7 minutes\" \/>\n<script type=\"application\/ld+json\" class=\"yoast-schema-graph\">{\"@context\":\"https:\/\/schema.org\",\"@graph\":[{\"@type\":\"WebPage\",\"@id\":\"https:\/\/goprint.ee\/tooted\/\",\"url\":\"https:\/\/goprint.ee\/tooted\/\",\"name\":\"\u041f\u0435\u0447\u0430\u0442\u043d\u0430\u044f \u043f\u0440\u043e\u0434\u0443\u043a\u0446\u0438\u044f - GoPrint\",\"isPartOf\":{\"@id\":\"https:\/\/goprint.ee\/#website\"},\"primaryImageOfPage\":{\"@id\":\"https:\/\/goprint.ee\/tooted\/#primaryimage\"},\"image\":{\"@id\":\"https:\/\/goprint.ee\/tooted\/#primaryimage\"},\"thumbnailUrl\":\"https:\/\/goprint.ee\/wp-content\/uploads\/2021\/06\/right-arrow.svg\",\"datePublished\":\"2022-01-20T05:41:13+00:00\",\"dateModified\":\"2023-05-03T12:48:13+00:00\",\"breadcrumb\":{\"@id\":\"https:\/\/goprint.ee\/tooted\/#breadcrumb\"},\"inLanguage\":\"ru\",\"potentialAction\":[{\"@type\":\"ReadAction\",\"target\":[\"https:\/\/goprint.ee\/tooted\/\"]}]},{\"@type\":\"ImageObject\",\"inLanguage\":\"ru\",\"@id\":\"https:\/\/goprint.ee\/tooted\/#primaryimage\",\"url\":\"https:\/\/goprint.ee\/wp-content\/uploads\/2021\/06\/right-arrow.svg\",\"contentUrl\":\"https:\/\/goprint.ee\/wp-content\/uploads\/2021\/06\/right-arrow.svg\"},{\"@type\":\"BreadcrumbList\",\"@id\":\"https:\/\/goprint.ee\/tooted\/#breadcrumb\",\"itemListElement\":[{\"@type\":\"ListItem\",\"position\":1,\"name\":\"Home\",\"item\":\"https:\/\/goprint.ee\/ru\/\"},{\"@type\":\"ListItem\",\"position\":2,\"name\":\"\u041f\u0435\u0447\u0430\u0442\u043d\u0430\u044f \u043f\u0440\u043e\u0434\u0443\u043a\u0446\u0438\u044f\"}]},{\"@type\":\"WebSite\",\"@id\":\"https:\/\/goprint.ee\/#website\",\"url\":\"https:\/\/goprint.ee\/\",\"name\":\"GoPrint\",\"description\":\"\u0420\u0430\u0441\u0441\u0447\u0438\u0442\u0430\u0439 \u0438 \u0437\u0430\u043a\u0430\u0436\u0438 \u0443\u0441\u043b\u0443\u0433\u0438 \u043f\u0435\u0447\u0430\u0442\u0438 \u043f\u0440\u044f\u043c\u043e \u043d\u0430 \u0441\u0430\u0439\u0442\u0435\",\"potentialAction\":[{\"@type\":\"SearchAction\",\"target\":{\"@type\":\"EntryPoint\",\"urlTemplate\":\"https:\/\/goprint.ee\/?s={search_term_string}\"},\"query-input\":{\"@type\":\"PropertyValueSpecification\",\"valueRequired\":true,\"valueName\":\"search_term_string\"}}],\"inLanguage\":\"ru\"}]}<\/script>\n<!-- \/ Yoast SEO plugin. -->","yoast_head_json":{"title":"\u041f\u0435\u0447\u0430\u0442\u043d\u0430\u044f \u043f\u0440\u043e\u0434\u0443\u043a\u0446\u0438\u044f - GoPrint","robots":{"index":"index","follow":"follow","max-snippet":"max-snippet:-1","max-image-preview":"max-image-preview:large","max-video-preview":"max-video-preview:-1"},"canonical":"https:\/\/goprint.ee\/tooted\/","og_locale":"ru_RU","og_type":"article","og_title":"\u041f\u0435\u0447\u0430\u0442\u043d\u0430\u044f \u043f\u0440\u043e\u0434\u0443\u043a\u0446\u0438\u044f - GoPrint","og_description":"\u201c\u042f \u0432\u044b\u0431\u0438\u0440\u0430\u044e \u044f\u0440\u043a\u0443\u044e \u0436\u0438\u0437\u043d\u044c\u201d~ \u0412\u0441\u0435\u0433\u0434\u0430 \u0435\u0441\u0442\u044c \u0432\u0435\u0441\u043a\u0430\u044f \u043f\u0440\u0438\u0447\u0438\u043d\u0430 \u0434\u043b\u044f \u043f\u0435\u0447\u0430\u0442\u0438TootedParim viis positiivse esmamulje loomiseks. Printige matt- v\u00f5i l\u00e4ikpaberile, v\u00f5imalikud muud efektid. Visiitkaartide printimine &gt;Parim v\u00f5imalus oma toodet\/teenust m\u00f6\u00f6dujale tutvustada on ulatades talle flaier. Prindi flaiereid &gt;Voldik on suurep\u00e4rane viis jagamaks teavet klientidele oma toodetest\/teenustest. Printige voldikud &gt;Saatke erikutsed oma l\u00e4hedastele, s\u00f5pradele ja \u00e4ripartneritele ning kolleegidele. [&hellip;]","og_url":"https:\/\/goprint.ee\/tooted\/","og_site_name":"GoPrint","article_modified_time":"2023-05-03T12:48:13+00:00","og_image":[{"url":"https:\/\/goprint.ee\/wp-content\/uploads\/2021\/06\/right-arrow.svg","type":"","width":"","height":""}],"twitter_card":"summary_large_image","twitter_misc":{"Est. reading time":"7 minutes"},"schema":{"@context":"https:\/\/schema.org","@graph":[{"@type":"WebPage","@id":"https:\/\/goprint.ee\/tooted\/","url":"https:\/\/goprint.ee\/tooted\/","name":"\u041f\u0435\u0447\u0430\u0442\u043d\u0430\u044f \u043f\u0440\u043e\u0434\u0443\u043a\u0446\u0438\u044f - GoPrint","isPartOf":{"@id":"https:\/\/goprint.ee\/#website"},"primaryImageOfPage":{"@id":"https:\/\/goprint.ee\/tooted\/#primaryimage"},"image":{"@id":"https:\/\/goprint.ee\/tooted\/#primaryimage"},"thumbnailUrl":"https:\/\/goprint.ee\/wp-content\/uploads\/2021\/06\/right-arrow.svg","datePublished":"2022-01-20T05:41:13+00:00","dateModified":"2023-05-03T12:48:13+00:00","breadcrumb":{"@id":"https:\/\/goprint.ee\/tooted\/#breadcrumb"},"inLanguage":"ru","potentialAction":[{"@type":"ReadAction","target":["https:\/\/goprint.ee\/tooted\/"]}]},{"@type":"ImageObject","inLanguage":"ru","@id":"https:\/\/goprint.ee\/tooted\/#primaryimage","url":"https:\/\/goprint.ee\/wp-content\/uploads\/2021\/06\/right-arrow.svg","contentUrl":"https:\/\/goprint.ee\/wp-content\/uploads\/2021\/06\/right-arrow.svg"},{"@type":"BreadcrumbList","@id":"https:\/\/goprint.ee\/tooted\/#breadcrumb","itemListElement":[{"@type":"ListItem","position":1,"name":"Home","item":"https:\/\/goprint.ee\/ru\/"},{"@type":"ListItem","position":2,"name":"\u041f\u0435\u0447\u0430\u0442\u043d\u0430\u044f \u043f\u0440\u043e\u0434\u0443\u043a\u0446\u0438\u044f"}]},{"@type":"WebSite","@id":"https:\/\/goprint.ee\/#website","url":"https:\/\/goprint.ee\/","name":"GoPrint","description":"\u0420\u0430\u0441\u0441\u0447\u0438\u0442\u0430\u0439 \u0438 \u0437\u0430\u043a\u0430\u0436\u0438 \u0443\u0441\u043b\u0443\u0433\u0438 \u043f\u0435\u0447\u0430\u0442\u0438 \u043f\u0440\u044f\u043c\u043e \u043d\u0430 \u0441\u0430\u0439\u0442\u0435","potentialAction":[{"@type":"SearchAction","target":{"@type":"EntryPoint","urlTemplate":"https:\/\/goprint.ee\/?s={search_term_string}"},"query-input":{"@type":"PropertyValueSpecification","valueRequired":true,"valueName":"search_term_string"}}],"inLanguage":"ru"}]}},"_links":{"self":[{"href":"https:\/\/goprint.ee\/ru\/wp-json\/wp\/v2\/pages\/5565","targetHints":{"allow":["GET"]}}],"collection":[{"href":"https:\/\/goprint.ee\/ru\/wp-json\/wp\/v2\/pages"}],"about":[{"href":"https:\/\/goprint.ee\/ru\/wp-json\/wp\/v2\/types\/page"}],"author":[{"embeddable":true,"href":"https:\/\/goprint.ee\/ru\/wp-json\/wp\/v2\/users\/1"}],"replies":[{"embeddable":true,"href":"https:\/\/goprint.ee\/ru\/wp-json\/wp\/v2\/comments?post=5565"}],"version-history":[{"count":19,"href":"https:\/\/goprint.ee\/ru\/wp-json\/wp\/v2\/pages\/5565\/revisions"}],"predecessor-version":[{"id":8852,"href":"https:\/\/goprint.ee\/ru\/wp-json\/wp\/v2\/pages\/5565\/revisions\/8852"}],"wp:attachment":[{"href":"https:\/\/goprint.ee\/ru\/wp-json\/wp\/v2\/media?parent=5565"}],"curies":[{"name":"wp","href":"https:\/\/api.w.org\/{rel}","templated":true}]}}