{"id":7600,"date":"2022-03-30T17:56:20","date_gmt":"2022-03-30T14:56:20","guid":{"rendered":"https:\/\/goprint.ee\/terms-of-use\/"},"modified":"2025-07-14T14:05:22","modified_gmt":"2025-07-14T11:05:22","slug":"terms-of-use","status":"publish","type":"page","link":"https:\/\/goprint.ee\/en\/terms-of-use\/","title":{"rendered":"Terms of use"},"content":{"rendered":"<p>[et_pb_section fb_built=&#8221;1&#8243; admin_label=&#8221;section&#8221; _builder_version=&#8221;4.16&#8243; global_colors_info=&#8221;{}&#8221;][et_pb_row admin_label=&#8221;row&#8221; _builder_version=&#8221;4.16&#8243; background_size=&#8221;initial&#8221; background_position=&#8221;top_left&#8221; background_repeat=&#8221;repeat&#8221; global_colors_info=&#8221;{}&#8221;][et_pb_column type=&#8221;4_4&#8243; _builder_version=&#8221;4.16&#8243; custom_padding=&#8221;|||&#8221; global_colors_info=&#8221;{}&#8221; custom_padding__hover=&#8221;|||&#8221;][et_pb_text admin_label=&#8221;Text&#8221; _builder_version=&#8221;4.22.1&#8243; header_2_font=&#8221;||||||||&#8221; header_2_text_color=&#8221;#2e4dd4&#8243; header_2_font_size=&#8221;28px&#8221; header_3_font=&#8221;||||||||&#8221; background_size=&#8221;initial&#8221; background_position=&#8221;top_left&#8221; background_repeat=&#8221;repeat&#8221; hover_enabled=&#8221;0&#8243; global_colors_info=&#8221;{}&#8221; sticky_enabled=&#8221;0&#8243;]<\/p>\n<h2>Terms of use<\/h2>\n<p>&nbsp;<\/p>\n<h3><strong><b>ONLINE PRINT SERVICE TERMS AND CONDITIONS <\/b><\/strong><\/h3>\n<p><strong>The owner of the Go Print online store\u00a0<\/strong>(Hereinafter the online store) is\u00a0<strong>Printimiskeskus O<\/strong><strong>\u00dc<\/strong>\u00a0\u00a0(reg. code 12176678), located in Ahtri tn 12, Tallinn.<\/p>\n<p>&nbsp;<\/p>\n<h3><strong><b>1. Validity of the sales contract, goods and price information<\/b><\/strong><\/h3>\n<p>The terms of sale apply to the purchase of goods from the Online Store.<\/p>\n<p>The prices of products sold in the online store can be calculated from the price calculator. A fee for the delivery of the goods is added to the price. All prices of goods sold in the online store are in euros.<\/p>\n<p>The delivery fee depends on the location of the buyer and the method of delivery. The delivery fee will be shown to the buyer when ordering.<\/p>\n<p>Information about the goods is provided in the Online Store directly next to the goods.<\/p>\n<p>&nbsp;<\/p>\n<h3><strong><b>2. Making an order <\/b><\/strong><\/h3>\n<p>To order a publication, select all the necessary parameters of the desired publication (size, color, paper, post-processing and quantity), then the price calculator shows the price of the goods according to the selected parameters, and then place an order If there is no print file, you can also select an additional design service and add it to the shopping cart. To place an order, fill in the required fields and select the appropriate delivery method.<\/p>\n<p>To place an order, fill in the required fields and select the appropriate delivery method. The amount of the fee will then be displayed on the screen, which can be paid securely through the following payment methods:<\/p>\n<ul>\n<li><strong>Estonian banking links: Swedbank, SEB, Luminor, LHV, Coop Pank, Pocopay. Visa \/ Mastercard card payments <\/strong><\/li>\n<li><strong>Finnish bank links: Aktia, Bank of \u00c5land, Danske, Handelsbanken, Nordea, Oma S\u00e4\u00e4stopankki, Pohjola, POP Bank, S-Pankki, S\u00e4\u00e4stopankki<\/strong><\/li>\n<li><strong>Latvian bank links: Swedbank, SEB, Citadele and Luminor<\/strong><\/li>\n<li><strong>Latvian bank links: Swedbank, SEB, Citadele and Luminor<\/strong><\/li>\n<\/ul>\n<p>NB! When paying with a bank link, be sure to click the &#8220;Back to Merchant&#8221; button on the bank&#8217;s page.<\/p>\n<p>Payments are mediated by Montonio Finance UAB. Payment is made outside the Online Store in a secure environment \u2013 when paying with a bank link in the secure environment of the respective bank and when paying with a credit card in the secure environment of Montonio Finance UAB. The seller does not have access to the customer\u2019s bank and credit card details. The agreement enters into force upon receipt of the amount due to the current account of the Online Store. Printimiskeskus O\u00dc is the chief processor of personal data and forwards the personal data necessary for making payments to the authorized processor Montonio Finance UAB.<\/p>\n<p>The customer will be notified of the completion of the order either by e-mail or sms. The delivery time of the order is approximate and depends on the volume of the orders.<\/p>\n<p>If the ordered goods cannot be delivered due to expiration of the goods or for any other reason, the buyer will be notified as soon as possible and the money paid (incl. Delivery costs) will be refunded immediately, but not later than within 14 days of sending the notice.<\/p>\n<p>&nbsp;<\/p>\n<h3><strong><b>3. Delivery<\/b><\/strong><\/h3>\n<p>The goods are sent to the following countries: Estonia, Latvia, Lithuania, Finland, Sweden<\/p>\n<p>To receive the goods, the buyer has the following options: Omniva parcel machine, Smart Posti parcel machine, DPD parcel machine, DPD courier.<\/p>\n<p>It is also possible to pick up the goods yourself at Ahtri tn 12, Tallinn every working day between 9.00 and 17.30.<\/p>\n<p>Shipping costs will be borne by the buyer and the corresponding price information will be displayed next to the shipping method.<\/p>\n<p>Shipments within Estonia will usually reach the destination specified by the buyer within 2 working days after receiving the order fulfillment notice. Delivery outside Estonia takes 5-7 calendar days.<\/p>\n<p>&nbsp;<\/p>\n<h3><strong><b>4. Right of withdrawal<\/b><\/strong><\/h3>\n<p>Pursuant to \u00a7 53 (4) of the Law of Obligations Act. 2 and 3, the Subscriber cannot withdraw his order or return the order, except in case of problems related to the quality of the order.<\/p>\n<p>&nbsp;<\/p>\n<h3><strong><b>5. Right to file a claim <\/b><\/strong><\/h3>\n<p>The online store is responsible for non-compliance or defect of the goods sold to the buyer with the order conditions that already existed at the time of delivery of the thing and that become apparent within two months from the delivery of the goods to the buyer. . within the first month after delivery of the thing to the purchaser, it is presumed that the defect already existed at the time of delivery of the thing. The responsibility of the online store is to rebut the respective presumption.<\/p>\n<p>The buyer has the right to contact the online store within two months at the latest by sending an e-mail to <a href=\"mailto:info@goprint.ee\">info@goprint.ee<\/a> or call: +372 5611 18 60.<\/p>\n<p>The online store is not responsible for defects that have occurred after the delivery of the goods to the buyer.<\/p>\n<p>If the goods purchased from the Online Store have defects for which the Online Store is responsible, the Online Store will repair or replace the defective goods. If the goods cannot be repaired or replaced, the Online Store will return all fees associated with the sales contract to the buyer.<\/p>\n<p>If the goods purchased from the Online Store have defects for which the Online Store is responsible, the Online Store will repair or replace the defective goods. If the goods cannot be repaired or replaced, the Online Store will return all fees associated with the sales contract to the buyer.<\/p>\n<p>The online store transmits personal data to transport companies for the delivery of goods. The online store will only send newsletters and offers to the buyer&#8217;s e-mail address if the buyer has expressed a wish by entering an e-mail address on the website and announcing his \/ her wish to receive direct mail notifications.<\/p>\n<p>The buyer can cancel the offers and newsletters sent to the e-mail at any time by notifying us by e-mail or by following the instructions in the e-mail containing the offers.<\/p>\n<p>&nbsp;<\/p>\n<h3><strong><b>6. Settlement of Disputes<\/b><\/strong><\/h3>\n<p>If the buyer has any complaints regarding the Online Store, they must be sent to the e-mail address <a href=\"mailto:info@goprint.ee\">info@goprint.ee<\/a> or call: +372 5611 18 60<\/p>\n<p>In matters not covered by the Agreement, the general terms and conditions of delivery of the Estonian Printing Industry Association, which are published on the website of the Estonian Printing Industry Association at ( <a href=\"https:\/\/etpl.ee\/wp-content\/uploads\/2020\/06\/ETPL-TARNETINGIMUSED_KINNITATUD_10062020.pdf\"><span class=\"VIiyi\" lang=\"en\"><span class=\"JLqJ4b ChMk0b\" data-language-for-alternatives=\"en\" data-language-to-translate-into=\"et\" data-phrase-index=\"0\">RULES FOR DELIVERY<\/span><span class=\"JLqJ4b ChMk0b\" data-language-for-alternatives=\"en\" data-language-to-translate-into=\"et\" data-phrase-index=\"2\">ETPL standard terms and conditions when concluding a sales contract. <\/span><\/span><\/a>) applies to the provision of printing services.<\/p>\n<p>If the buyer and the online store are unable to resolve the dispute by agreement, the buyer may turn to the Consumer Disputes Committee. The terms of the procedure can be viewed and the application submitted here.<\/p>\n<p>The Consumer Disputes Committee is competent to resolve disputes arising from the contract concluded between the buyer and the Online Store. The examination of the buyer&#8217;s complaint in the commission is free of charge.<\/p>\n<p>The buyer can turn to the European Union Consumer Dispute Resolution Platform. ).<\/p>\n<p>&nbsp;<\/p>\n<p>[\/et_pb_text][\/et_pb_column][\/et_pb_row][\/et_pb_section]<\/p>\n","protected":false},"excerpt":{"rendered":"<p>Terms of use &nbsp; ONLINE PRINT SERVICE TERMS AND CONDITIONS The owner of the Go Print online store\u00a0(Hereinafter the online store) is\u00a0Printimiskeskus O\u00dc\u00a0\u00a0(reg. code 12176678), located in Ahtri tn 12, Tallinn. &nbsp; 1. Validity of the sales contract, goods and price information The terms of sale apply to the purchase of goods from the Online [&hellip;]<\/p>\n","protected":false},"author":1,"featured_media":0,"parent":0,"menu_order":0,"comment_status":"closed","ping_status":"open","template":"","meta":{"_et_pb_use_builder":"on","_et_pb_old_content":"","_et_gb_content_width":"","inline_featured_image":false,"footnotes":""},"class_list":["post-7600","page","type-page","status-publish","hentry"],"yoast_head":"<!-- This site is optimized with the Yoast SEO plugin v25.6 - https:\/\/yoast.com\/wordpress\/plugins\/seo\/ -->\n<title>Terms of use - GoPrint<\/title>\n<meta name=\"robots\" content=\"index, follow, max-snippet:-1, max-image-preview:large, max-video-preview:-1\" \/>\n<link rel=\"canonical\" href=\"https:\/\/goprint.ee\/en\/terms-of-use\/\" \/>\n<meta property=\"og:locale\" content=\"en_US\" \/>\n<meta property=\"og:type\" content=\"article\" \/>\n<meta property=\"og:title\" content=\"Terms of use - GoPrint\" \/>\n<meta property=\"og:description\" content=\"Terms of use &nbsp; ONLINE PRINT SERVICE TERMS AND CONDITIONS The owner of the Go Print online store\u00a0(Hereinafter the online store) is\u00a0Printimiskeskus O\u00dc\u00a0\u00a0(reg. code 12176678), located in Ahtri tn 12, Tallinn. &nbsp; 1. Validity of the sales contract, goods and price information The terms of sale apply to the purchase of goods from the Online [&hellip;]\" \/>\n<meta property=\"og:url\" content=\"https:\/\/goprint.ee\/en\/terms-of-use\/\" \/>\n<meta property=\"og:site_name\" content=\"GoPrint\" \/>\n<meta property=\"article:modified_time\" content=\"2025-07-14T11:05:22+00:00\" \/>\n<meta name=\"twitter:card\" content=\"summary_large_image\" \/>\n<meta name=\"twitter:label1\" content=\"Est. reading time\" \/>\n\t<meta name=\"twitter:data1\" content=\"6 minutes\" \/>\n<script type=\"application\/ld+json\" class=\"yoast-schema-graph\">{\"@context\":\"https:\/\/schema.org\",\"@graph\":[{\"@type\":\"WebPage\",\"@id\":\"https:\/\/goprint.ee\/en\/terms-of-use\/\",\"url\":\"https:\/\/goprint.ee\/en\/terms-of-use\/\",\"name\":\"Terms of use - GoPrint\",\"isPartOf\":{\"@id\":\"https:\/\/goprint.ee\/#website\"},\"datePublished\":\"2022-03-30T14:56:20+00:00\",\"dateModified\":\"2025-07-14T11:05:22+00:00\",\"breadcrumb\":{\"@id\":\"https:\/\/goprint.ee\/en\/terms-of-use\/#breadcrumb\"},\"inLanguage\":\"en\",\"potentialAction\":[{\"@type\":\"ReadAction\",\"target\":[\"https:\/\/goprint.ee\/en\/terms-of-use\/\"]}]},{\"@type\":\"BreadcrumbList\",\"@id\":\"https:\/\/goprint.ee\/en\/terms-of-use\/#breadcrumb\",\"itemListElement\":[{\"@type\":\"ListItem\",\"position\":1,\"name\":\"Home\",\"item\":\"https:\/\/goprint.ee\/en\/\"},{\"@type\":\"ListItem\",\"position\":2,\"name\":\"Terms of use\"}]},{\"@type\":\"WebSite\",\"@id\":\"https:\/\/goprint.ee\/#website\",\"url\":\"https:\/\/goprint.ee\/\",\"name\":\"GoPrint\",\"description\":\"\u0420\u0430\u0441\u0441\u0447\u0438\u0442\u0430\u0439 \u0438 \u0437\u0430\u043a\u0430\u0436\u0438 \u0443\u0441\u043b\u0443\u0433\u0438 \u043f\u0435\u0447\u0430\u0442\u0438 \u043f\u0440\u044f\u043c\u043e \u043d\u0430 \u0441\u0430\u0439\u0442\u0435\",\"potentialAction\":[{\"@type\":\"SearchAction\",\"target\":{\"@type\":\"EntryPoint\",\"urlTemplate\":\"https:\/\/goprint.ee\/?s={search_term_string}\"},\"query-input\":{\"@type\":\"PropertyValueSpecification\",\"valueRequired\":true,\"valueName\":\"search_term_string\"}}],\"inLanguage\":\"en\"}]}<\/script>\n<!-- \/ Yoast SEO plugin. -->","yoast_head_json":{"title":"Terms of use - GoPrint","robots":{"index":"index","follow":"follow","max-snippet":"max-snippet:-1","max-image-preview":"max-image-preview:large","max-video-preview":"max-video-preview:-1"},"canonical":"https:\/\/goprint.ee\/en\/terms-of-use\/","og_locale":"en_US","og_type":"article","og_title":"Terms of use - GoPrint","og_description":"Terms of use &nbsp; ONLINE PRINT SERVICE TERMS AND CONDITIONS The owner of the Go Print online store\u00a0(Hereinafter the online store) is\u00a0Printimiskeskus O\u00dc\u00a0\u00a0(reg. code 12176678), located in Ahtri tn 12, Tallinn. &nbsp; 1. Validity of the sales contract, goods and price information The terms of sale apply to the purchase of goods from the Online [&hellip;]","og_url":"https:\/\/goprint.ee\/en\/terms-of-use\/","og_site_name":"GoPrint","article_modified_time":"2025-07-14T11:05:22+00:00","twitter_card":"summary_large_image","twitter_misc":{"Est. reading time":"6 minutes"},"schema":{"@context":"https:\/\/schema.org","@graph":[{"@type":"WebPage","@id":"https:\/\/goprint.ee\/en\/terms-of-use\/","url":"https:\/\/goprint.ee\/en\/terms-of-use\/","name":"Terms of use - GoPrint","isPartOf":{"@id":"https:\/\/goprint.ee\/#website"},"datePublished":"2022-03-30T14:56:20+00:00","dateModified":"2025-07-14T11:05:22+00:00","breadcrumb":{"@id":"https:\/\/goprint.ee\/en\/terms-of-use\/#breadcrumb"},"inLanguage":"en","potentialAction":[{"@type":"ReadAction","target":["https:\/\/goprint.ee\/en\/terms-of-use\/"]}]},{"@type":"BreadcrumbList","@id":"https:\/\/goprint.ee\/en\/terms-of-use\/#breadcrumb","itemListElement":[{"@type":"ListItem","position":1,"name":"Home","item":"https:\/\/goprint.ee\/en\/"},{"@type":"ListItem","position":2,"name":"Terms of use"}]},{"@type":"WebSite","@id":"https:\/\/goprint.ee\/#website","url":"https:\/\/goprint.ee\/","name":"GoPrint","description":"\u0420\u0430\u0441\u0441\u0447\u0438\u0442\u0430\u0439 \u0438 \u0437\u0430\u043a\u0430\u0436\u0438 \u0443\u0441\u043b\u0443\u0433\u0438 \u043f\u0435\u0447\u0430\u0442\u0438 \u043f\u0440\u044f\u043c\u043e \u043d\u0430 \u0441\u0430\u0439\u0442\u0435","potentialAction":[{"@type":"SearchAction","target":{"@type":"EntryPoint","urlTemplate":"https:\/\/goprint.ee\/?s={search_term_string}"},"query-input":{"@type":"PropertyValueSpecification","valueRequired":true,"valueName":"search_term_string"}}],"inLanguage":"en"}]}},"_links":{"self":[{"href":"https:\/\/goprint.ee\/en\/wp-json\/wp\/v2\/pages\/7600","targetHints":{"allow":["GET"]}}],"collection":[{"href":"https:\/\/goprint.ee\/en\/wp-json\/wp\/v2\/pages"}],"about":[{"href":"https:\/\/goprint.ee\/en\/wp-json\/wp\/v2\/types\/page"}],"author":[{"embeddable":true,"href":"https:\/\/goprint.ee\/en\/wp-json\/wp\/v2\/users\/1"}],"replies":[{"embeddable":true,"href":"https:\/\/goprint.ee\/en\/wp-json\/wp\/v2\/comments?post=7600"}],"version-history":[{"count":6,"href":"https:\/\/goprint.ee\/en\/wp-json\/wp\/v2\/pages\/7600\/revisions"}],"predecessor-version":[{"id":10082,"href":"https:\/\/goprint.ee\/en\/wp-json\/wp\/v2\/pages\/7600\/revisions\/10082"}],"wp:attachment":[{"href":"https:\/\/goprint.ee\/en\/wp-json\/wp\/v2\/media?parent=7600"}],"curies":[{"name":"wp","href":"https:\/\/api.w.org\/{rel}","templated":true}]}}