{"id":5561,"date":"2022-01-20T08:41:05","date_gmt":"2022-01-20T05:41:05","guid":{"rendered":"https:\/\/goprint.ee\/shop\/"},"modified":"2022-06-30T16:03:16","modified_gmt":"2022-06-30T13:03:16","slug":"shop","status":"publish","type":"page","link":"https:\/\/goprint.ee\/en\/shop\/","title":{"rendered":"Print"},"content":{"rendered":"<p>[et_pb_section fb_built=&#8221;1&#8243; disabled_on=&#8221;on|off|off&#8221; _builder_version=&#8221;4.9.0&#8243; _module_preset=&#8221;default&#8221; custom_padding=&#8221;0px||0px||true|&#8221; global_colors_info=&#8221;{}&#8221;][et_pb_row _builder_version=&#8221;4.10.5&#8243; _module_preset=&#8221;default&#8221; background_image=&#8221;https:\/\/goprint.ee\/wp-content\/uploads\/2021\/07\/print_products_header.jpg&#8221; custom_margin=&#8221;35px||35px||false|false&#8221; custom_padding=&#8221;70px||70px|55px|true|false&#8221; border_radii=&#8221;on|25px|25px|25px|25px&#8221; box_shadow_style=&#8221;preset3&#8243; box_shadow_vertical=&#8221;1px&#8221; global_colors_info=&#8221;{}&#8221;][et_pb_column type=&#8221;4_4&#8243; _builder_version=&#8221;4.9.4&#8243; _module_preset=&#8221;default&#8221; global_colors_info=&#8221;{}&#8221;][et_pb_text _builder_version=&#8221;4.9.4&#8243; _module_preset=&#8221;default&#8221; header_2_font=&#8221;|700|||||||&#8221; header_2_text_color=&#8221;#FFFFFF&#8221; header_2_font_size=&#8221;60px&#8221; width=&#8221;90%&#8221; custom_margin=&#8221;||0px||false|false&#8221; global_colors_info=&#8221;{}&#8221;]<\/p>\n<h2>&#8220;Always live in colour&#8221;<\/h2>\n<p>[\/et_pb_text][et_pb_text _builder_version=&#8221;4.9.4&#8243; _module_preset=&#8221;default&#8221; text_text_color=&#8221;#FFFFFF&#8221; text_font_size=&#8221;15px&#8221; text_orientation=&#8221;right&#8221; width=&#8221;52%&#8221; global_colors_info=&#8221;{}&#8221;]~There is always the perfect reason to print[\/et_pb_text][\/et_pb_column][\/et_pb_row][\/et_pb_section][et_pb_section fb_built=&#8221;1&#8243; module_id=&#8221;range-layout&#8221; _builder_version=&#8221;4.9.4&#8243; background_color=&#8221;RGBA(0,0,0,0)&#8221; min_height=&#8221;1059.9px&#8221; custom_margin=&#8221;||-4px|||&#8221; custom_padding=&#8221;||4px|||&#8221; global_module=&#8221;7272&#8243; saved_tabs=&#8221;all&#8221; collapsed=&#8221;off&#8221; global_colors_info=&#8221;{}&#8221;][et_pb_row _builder_version=&#8221;3.25&#8243; custom_padding=&#8221;0px||35px||false|&#8221; global_colors_info=&#8221;{}&#8221;][et_pb_column type=&#8221;4_4&#8243; _builder_version=&#8221;3.25&#8243; custom_padding=&#8221;|||&#8221; global_colors_info=&#8221;{}&#8221; custom_padding__hover=&#8221;|||&#8221;][et_pb_text _builder_version=&#8221;4.9.4&#8243; _module_preset=&#8221;default&#8221; header_3_font=&#8221;|700||on|||||&#8221; header_3_text_color=&#8221;#ef4c00&#8243; background_color=&#8221;RGBA(0,0,0,0)&#8221; custom_margin=&#8221;||-1px|||&#8221; global_colors_info=&#8221;{}&#8221;]<\/p>\n<h3>Print<\/h3>\n<p>[\/et_pb_text][\/et_pb_column][\/et_pb_row][et_pb_row column_structure=&#8221;1_3,1_3,1_3&#8243; module_id=&#8221;shop-items&#8221; _builder_version=&#8221;4.10.5&#8243; global_colors_info=&#8221;{}&#8221;][et_pb_column type=&#8221;1_3&#8243; _builder_version=&#8221;3.25&#8243; custom_padding=&#8221;|||&#8221; global_colors_info=&#8221;{}&#8221; custom_padding__hover=&#8221;|||&#8221;][et_pb_blurb title=&#8221;Business cards&#8221; image=&#8221;https:\/\/goprint.ee\/wp-content\/uploads\/2021\/05\/goprint_business_card.jpg&#8221; _builder_version=&#8221;4.13.0&#8243; _module_preset=&#8221;default&#8221; header_font=&#8221;|600|||||||&#8221; header_text_color=&#8221;#2e4dd4&#8243; body_link_text_color=&#8221;#ef4c00&#8243; background_color=&#8221;#FFFFFF&#8221; link_option_url=&#8221;https:\/\/goprint.ee\/en\/product\/business-cards\/&#8221; sticky_position_last_edited=&#8221;off|desktop&#8221; border_radii=&#8221;on|15px|15px|15px|15px&#8221; border_color_all=&#8221;#c4c4c4&#8243; box_shadow_style=&#8221;preset3&#8243; box_shadow_vertical=&#8221;1px&#8221; global_colors_info=&#8221;{}&#8221; transform_styles__hover_enabled=&#8221;on|hover&#8221; transform_scale__hover_enabled=&#8221;on|hover&#8221; transform_translate__hover_enabled=&#8221;on|desktop&#8221; transform_rotate__hover_enabled=&#8221;on|desktop&#8221; transform_skew__hover_enabled=&#8221;on|desktop&#8221; transform_origin__hover_enabled=&#8221;on|desktop&#8221; transform_scale__hover=&#8221;102%|102%&#8221;]<span class=\"JLqJ4b ChMk0b\" data-language-for-alternatives=\"en\" data-language-to-translate-into=\"et\" data-phrase-index=\"0\" data-number-of-phrases=\"2\"><span class=\"Q4iAWc\">The best way to create a positive first impression.<\/span><\/span> <span class=\"JLqJ4b ChMk0b\" data-language-for-alternatives=\"en\" data-language-to-translate-into=\"et\" data-phrase-index=\"1\" data-number-of-phrases=\"2\"><span class=\"Q4iAWc\">Print on matte or glossy paper, other effects possible.<\/span><\/span><\/p>\n<p><a href=\"https:\/\/goprint.ee\/en\/product\/business-cards\/\">Print business cards &gt;<\/a>[\/et_pb_blurb][\/et_pb_column][et_pb_column type=&#8221;1_3&#8243; _builder_version=&#8221;3.25&#8243; custom_padding=&#8221;|||&#8221; global_colors_info=&#8221;{}&#8221; custom_padding__hover=&#8221;|||&#8221;][et_pb_blurb title=&#8221;Flyers&#8221; image=&#8221;https:\/\/goprint.ee\/wp-content\/uploads\/2021\/05\/goprint_flayer.jpg&#8221; _builder_version=&#8221;4.13.0&#8243; _module_preset=&#8221;default&#8221; header_font=&#8221;|600|||||||&#8221; header_text_color=&#8221;#2e4dd4&#8243; body_link_text_color=&#8221;#ef4c00&#8243; background_color=&#8221;#FFFFFF&#8221; link_option_url=&#8221;https:\/\/goprint.ee\/product\/flaierid\/&#8221; border_radii=&#8221;on|15px|15px|15px|15px&#8221; border_color_all=&#8221;#c4c4c4&#8243; box_shadow_style=&#8221;preset3&#8243; box_shadow_vertical=&#8221;1px&#8221; global_colors_info=&#8221;{}&#8221; transform_styles__hover_enabled=&#8221;on|hover&#8221; transform_scale__hover_enabled=&#8221;on|hover&#8221; transform_translate__hover_enabled=&#8221;on|desktop&#8221; transform_rotate__hover_enabled=&#8221;on|desktop&#8221; transform_skew__hover_enabled=&#8221;on|desktop&#8221; transform_origin__hover_enabled=&#8221;on|desktop&#8221; transform_scale__hover=&#8221;102%|102%&#8221;]The best way to introduce your product \/ service to a passer-by is to give them a flyer.<\/p>\n<p><a href=\"https:\/\/goprint.ee\/en\/product\/flyers\/\">Print flyers &gt;<\/a>[\/et_pb_blurb][\/et_pb_column][et_pb_column type=&#8221;1_3&#8243; _builder_version=&#8221;3.25&#8243; custom_padding=&#8221;|||&#8221; global_colors_info=&#8221;{}&#8221; custom_padding__hover=&#8221;|||&#8221;][et_pb_blurb title=&#8221;Brochures&#8221; image=&#8221;https:\/\/goprint.ee\/wp-content\/uploads\/2021\/05\/goprint_bocklet.jpg&#8221; _builder_version=&#8221;4.13.0&#8243; _module_preset=&#8221;default&#8221; header_font=&#8221;|600|||||||&#8221; header_text_color=&#8221;#2e4dd4&#8243; body_link_text_color=&#8221;#ef4c00&#8243; background_color=&#8221;#FFFFFF&#8221; link_option_url=&#8221;https:\/\/goprint.ee\/product\/voldikud\/&#8221; border_radii=&#8221;on|15px|15px|15px|15px&#8221; border_color_all=&#8221;#c4c4c4&#8243; box_shadow_style=&#8221;preset3&#8243; box_shadow_vertical=&#8221;1px&#8221; global_colors_info=&#8221;{}&#8221; transform_styles__hover_enabled=&#8221;on|hover&#8221; transform_scale__hover=&#8221;102%|102%&#8221; transform_scale__hover_enabled=&#8221;on|hover&#8221; transform_translate__hover_enabled=&#8221;on|desktop&#8221; transform_rotate__hover_enabled=&#8221;on|desktop&#8221; transform_skew__hover_enabled=&#8221;on|desktop&#8221; transform_origin__hover_enabled=&#8221;on|desktop&#8221;]A brochure is a great way to share information about your products \/ services with customers.<\/p>\n<p><a href=\"https:\/\/goprint.ee\/en\/product\/brochures\/\">Print brochures &gt;<\/a>[\/et_pb_blurb][\/et_pb_column][\/et_pb_row][et_pb_row column_structure=&#8221;1_3,1_3,1_3&#8243; module_id=&#8221;shop-items&#8221; _builder_version=&#8221;4.9.4&#8243; global_colors_info=&#8221;{}&#8221;][et_pb_column type=&#8221;1_3&#8243; _builder_version=&#8221;3.25&#8243; custom_padding=&#8221;|||&#8221; global_colors_info=&#8221;{}&#8221; custom_padding__hover=&#8221;|||&#8221;][et_pb_blurb title=&#8221;Postcards&#8221; image=&#8221;https:\/\/goprint.ee\/wp-content\/uploads\/2021\/05\/goprint_postcard_.jpg&#8221; _builder_version=&#8221;4.13.0&#8243; _module_preset=&#8221;default&#8221; header_font=&#8221;|600|||||||&#8221; header_text_color=&#8221;#2e4dd4&#8243; body_link_text_color=&#8221;#ef4c00&#8243; background_color=&#8221;#FFFFFF&#8221; link_option_url=&#8221;https:\/\/goprint.ee\/product\/postkaardid\/&#8221; border_radii=&#8221;on|15px|15px|15px|15px&#8221; border_color_all=&#8221;#c4c4c4&#8243; box_shadow_style=&#8221;preset3&#8243; box_shadow_vertical=&#8221;1px&#8221; global_colors_info=&#8221;{}&#8221; transform_styles__hover_enabled=&#8221;on|hover&#8221; transform_scale__hover=&#8221;102%|102%&#8221; transform_scale__hover_enabled=&#8221;on|hover&#8221; transform_translate__hover_enabled=&#8221;on|desktop&#8221; transform_rotate__hover_enabled=&#8221;on|desktop&#8221; transform_skew__hover_enabled=&#8221;on|desktop&#8221; transform_origin__hover_enabled=&#8221;on|desktop&#8221;]Send special invitations to your loved ones, friends, business associates, and colleagues.<\/p>\n<p><a href=\"https:\/\/goprint.ee\/en\/product\/postcards\/\">Print postcards &gt;<\/a>[\/et_pb_blurb][\/et_pb_column][et_pb_column type=&#8221;1_3&#8243; _builder_version=&#8221;3.25&#8243; custom_padding=&#8221;|||&#8221; global_colors_info=&#8221;{}&#8221; custom_padding__hover=&#8221;|||&#8221;][et_pb_blurb title=&#8221;Posters&#8221; image=&#8221;https:\/\/goprint.ee\/wp-content\/uploads\/2021\/05\/goprint_poster.jpg&#8221; _builder_version=&#8221;4.13.0&#8243; _module_preset=&#8221;default&#8221; header_font=&#8221;|600|||||||&#8221; header_text_color=&#8221;#2e4dd4&#8243; body_link_text_color=&#8221;#ef4c00&#8243; background_color=&#8221;#FFFFFF&#8221; link_option_url=&#8221;https:\/\/goprint.ee\/product\/plakatid\/&#8221; border_radii=&#8221;on|15px|15px|15px|15px&#8221; border_color_all=&#8221;#c4c4c4&#8243; box_shadow_style=&#8221;preset3&#8243; box_shadow_vertical=&#8221;1px&#8221; global_colors_info=&#8221;{}&#8221; transform_styles__hover_enabled=&#8221;on|hover&#8221; transform_scale__hover=&#8221;102%|102%&#8221; transform_scale__hover_enabled=&#8221;on|hover&#8221; transform_translate__hover_enabled=&#8221;on|desktop&#8221; transform_rotate__hover_enabled=&#8221;on|desktop&#8221; transform_skew__hover_enabled=&#8221;on|desktop&#8221; transform_origin__hover_enabled=&#8221;on|desktop&#8221;]Support your visuals, show your style and attitude, or announce your event to everyone.<\/p>\n<p><a href=\"https:\/\/goprint.ee\/en\/product\/posters\/\">Print posters &gt;<\/a>[\/et_pb_blurb][\/et_pb_column][et_pb_column type=&#8221;1_3&#8243; _builder_version=&#8221;3.25&#8243; custom_padding=&#8221;|||&#8221; global_colors_info=&#8221;{}&#8221; custom_padding__hover=&#8221;|||&#8221;][et_pb_blurb title=&#8221;Roll Up&#8221; image=&#8221;https:\/\/goprint.ee\/wp-content\/uploads\/2021\/05\/goprint_rollup.jpg&#8221; _builder_version=&#8221;4.13.0&#8243; _module_preset=&#8221;default&#8221; header_font=&#8221;|600|||||||&#8221; header_text_color=&#8221;#2e4dd4&#8243; body_link_text_color=&#8221;#ef4c00&#8243; background_color=&#8221;#FFFFFF&#8221; link_option_url=&#8221;https:\/\/goprint.ee\/product\/roll-up\/&#8221; border_radii=&#8221;on|15px|15px|15px|15px&#8221; border_color_all=&#8221;#c4c4c4&#8243; box_shadow_style=&#8221;preset3&#8243; box_shadow_vertical=&#8221;1px&#8221; global_colors_info=&#8221;{}&#8221; transform_styles__hover_enabled=&#8221;on|hover&#8221; transform_scale__hover=&#8221;102%|102%&#8221; transform_scale__hover_enabled=&#8221;on|hover&#8221; transform_translate__hover_enabled=&#8221;on|desktop&#8221; transform_rotate__hover_enabled=&#8221;on|desktop&#8221; transform_skew__hover_enabled=&#8221;on|desktop&#8221; transform_origin__hover_enabled=&#8221;on|desktop&#8221;]A powerful tool for conveying a message, supporting your image in the store, at events and seminars.<\/p>\n<p><a href=\"https:\/\/goprint.ee\/en\/product\/roll-up\/\">Print Roll Up &gt;<\/a>[\/et_pb_blurb][\/et_pb_column][\/et_pb_row][\/et_pb_section][et_pb_section fb_built=&#8221;1&#8243; _builder_version=&#8221;4.10.5&#8243; _module_preset=&#8221;default&#8221; background_image=&#8221;https:\/\/goprint.ee\/wp-content\/uploads\/2021\/06\/design___.jpg&#8221; background_position=&#8221;center_right&#8221; custom_padding=&#8221;0px|||||&#8221; background_last_edited=&#8221;on|desktop&#8221; parallax_tablet=&#8221;off&#8221; background_size_phone=&#8221;contain&#8221; background_position_tablet=&#8221;center_right&#8221; background_position_phone=&#8221;bottom_right&#8221; filter_opacity_tablet=&#8221;100%&#8221; filter_opacity_phone=&#8221;&#8221; filter_opacity_last_edited=&#8221;on|desktop&#8221; global_module=&#8221;4835&#8243; saved_tabs=&#8221;all&#8221; global_colors_info=&#8221;{}&#8221;][et_pb_row column_structure=&#8221;2_3,1_3&#8243; _builder_version=&#8221;4.9.0&#8243; _module_preset=&#8221;default&#8221; custom_padding=&#8221;42px|||||&#8221; global_colors_info=&#8221;{}&#8221;][et_pb_column type=&#8221;2_3&#8243; _builder_version=&#8221;4.9.0&#8243; _module_preset=&#8221;default&#8221; global_colors_info=&#8221;{}&#8221;][\/et_pb_column][et_pb_column type=&#8221;1_3&#8243; _builder_version=&#8221;4.9.0&#8243; _module_preset=&#8221;default&#8221; global_colors_info=&#8221;{}&#8221;][et_pb_text content_tablet=&#8221;<\/p>\n<p>\u00a0<\/p>\n<h4 style=%22text-align: center;%22><span style=%22color: #ff6600;%22>PERSONAALNE KUJUNDUS, MIS PANEB TR\u00dcKISE S\u00c4RAMA<\/span><\/h4>\n<p style=%22text-align: center;%22><span style=%22color: #ffffff;%22>Go Prindi professionaalsed kujundajad loovad Sulle unikaalse kujunduse, mis teeb Su tr\u00fckise pilkup\u00fc\u00fcdvaks ja t\u00f5stab selle esile.<\/span><\/p>\n<p style=%22text-align: center;%22><span style=%22color: #ffffff;%22><a href=%22https:\/\/goprint.ee\/wp-content\/uploads\/2021\/06\/right-arrow.svg%22 style=%22color: #ffffff;%22><img class=%22wp-image-3071 alignnone %22 src=%22https:\/\/goprint.ee\/wp-content\/uploads\/2021\/06\/right-arrow.svg%22 alt=%22%22 width=%2213%22 height=%2213%22 \/><\/a> <a href=%22\/product\/sinu-trukise-kujundus\/%22 style=%22color: #ffffff;%22>Telli kujundus<\/a><\/span><\/p>\n<p>\u00a0<\/p>\n<p>&#8221; content_phone=&#8221;<\/p>\n<h4 style=%22text-align: center;%22><span style=%22color: #ff6600;%22>PERSONAL DESIGN THAT MAKES THE PRINT<\/span><\/h4>\n<p style=%22text-align: center;%22><span style=%22color: #333333;%22><a href=%22https:\/\/goprint.ee\/wp-content\/uploads\/2021\/06\/right-arrow.svg%22 style=%22color: #333333;%22><img class=%22wp-image-3071 alignnone %22 src=%22https:\/\/goprint.ee\/wp-content\/uploads\/2021\/06\/right-arrow.svg%22 alt=%22%22 width=%2213%22 height=%2213%22 \/><\/a> <a href=%22https:\/\/goprint.ee\/en\/product\/the-design-of-your-publication\/%22 style=%22color: #333333;%22>Telli kujundus<\/a><\/span><\/p>\n<p>&#8221; content_last_edited=&#8221;on|phone&#8221; _builder_version=&#8221;4.10.5&#8243; _module_preset=&#8221;default&#8221; link_font=&#8221;|||on|||||&#8221; link_text_color=&#8221;#000000&#8243; header_4_font=&#8221;|600||on|||||&#8221; header_4_text_align=&#8221;left&#8221; header_4_text_color=&#8221;#FFFFFF&#8221; header_4_font_size=&#8221;20px&#8221; header_4_line_height=&#8221;1.2em&#8221; global_colors_info=&#8221;{}&#8221;]<\/p>\n<h4><span style=\"color: #ff6600;\">PERSONAL DESIGN THAT MAKES THE PRINT<\/span><\/h4>\n<p><span style=\"color: #ffffff;\">Print&#8217;s professional designers will create a unique design for you that will make your publication eye-catching and stand out.<\/span><\/p>\n<p><a href=\"https:\/\/goprint.ee\/wp-content\/uploads\/2021\/06\/right-arrow.svg\"><img loading=\"lazy\" decoding=\"async\" class=\"wp-image-3071 alignnone \" src=\"https:\/\/goprint.ee\/wp-content\/uploads\/2021\/06\/right-arrow.svg\" alt=\"\" width=\"13\" height=\"13\" \/><\/a> <span style=\"color: #800080;\"><a style=\"color: #800080;\" href=\"https:\/\/goprint.ee\/en\/product\/the-design-of-your-publication\/\">Order your design<\/a><\/span>[\/et_pb_text][\/et_pb_column][\/et_pb_row][\/et_pb_section]<\/p>\n","protected":false},"excerpt":{"rendered":"<p>&#8220;Always live in colour&#8221;~There is always the perfect reason to printPrintThe best way to create a positive first impression. Print on matte or glossy paper, other effects possible. Print business cards &gt;The best way to introduce your product \/ service to a passer-by is to give them a flyer. Print flyers &gt;A brochure is a [&hellip;]<\/p>\n","protected":false},"author":1,"featured_media":0,"parent":0,"menu_order":0,"comment_status":"closed","ping_status":"open","template":"","meta":{"_et_pb_use_builder":"on","_et_pb_old_content":"","_et_gb_content_width":"","inline_featured_image":false,"footnotes":""},"class_list":["post-5561","page","type-page","status-publish","hentry"],"yoast_head":"<!-- This site is optimized with the Yoast SEO plugin v25.6 - https:\/\/yoast.com\/wordpress\/plugins\/seo\/ -->\n<title>Print - GoPrint<\/title>\n<meta name=\"robots\" content=\"index, follow, max-snippet:-1, max-image-preview:large, max-video-preview:-1\" \/>\n<link rel=\"canonical\" href=\"https:\/\/goprint.ee\/tooted\/\" \/>\n<meta property=\"og:locale\" content=\"en_US\" \/>\n<meta property=\"og:type\" content=\"article\" \/>\n<meta property=\"og:title\" content=\"Print - GoPrint\" \/>\n<meta property=\"og:description\" content=\"&quot;Always live in colour&quot;~There is always the perfect reason to printPrintThe best way to create a positive first impression. Print on matte or glossy paper, other effects possible. Print business cards &gt;The best way to introduce your product \/ service to a passer-by is to give them a flyer. Print flyers &gt;A brochure is a [&hellip;]\" \/>\n<meta property=\"og:url\" content=\"https:\/\/goprint.ee\/tooted\/\" \/>\n<meta property=\"og:site_name\" content=\"GoPrint\" \/>\n<meta property=\"article:modified_time\" content=\"2022-06-30T13:03:16+00:00\" \/>\n<meta property=\"og:image\" content=\"https:\/\/goprint.ee\/wp-content\/uploads\/2021\/06\/right-arrow.svg\" \/>\n<meta name=\"twitter:card\" content=\"summary_large_image\" \/>\n<meta name=\"twitter:label1\" content=\"Est. reading time\" \/>\n\t<meta name=\"twitter:data1\" content=\"7 minutes\" \/>\n<script type=\"application\/ld+json\" class=\"yoast-schema-graph\">{\"@context\":\"https:\/\/schema.org\",\"@graph\":[{\"@type\":\"WebPage\",\"@id\":\"https:\/\/goprint.ee\/tooted\/\",\"url\":\"https:\/\/goprint.ee\/tooted\/\",\"name\":\"Print - GoPrint\",\"isPartOf\":{\"@id\":\"https:\/\/goprint.ee\/#website\"},\"primaryImageOfPage\":{\"@id\":\"https:\/\/goprint.ee\/tooted\/#primaryimage\"},\"image\":{\"@id\":\"https:\/\/goprint.ee\/tooted\/#primaryimage\"},\"thumbnailUrl\":\"https:\/\/goprint.ee\/wp-content\/uploads\/2021\/06\/right-arrow.svg\",\"datePublished\":\"2022-01-20T05:41:05+00:00\",\"dateModified\":\"2022-06-30T13:03:16+00:00\",\"breadcrumb\":{\"@id\":\"https:\/\/goprint.ee\/tooted\/#breadcrumb\"},\"inLanguage\":\"en\",\"potentialAction\":[{\"@type\":\"ReadAction\",\"target\":[\"https:\/\/goprint.ee\/tooted\/\"]}]},{\"@type\":\"ImageObject\",\"inLanguage\":\"en\",\"@id\":\"https:\/\/goprint.ee\/tooted\/#primaryimage\",\"url\":\"https:\/\/goprint.ee\/wp-content\/uploads\/2021\/06\/right-arrow.svg\",\"contentUrl\":\"https:\/\/goprint.ee\/wp-content\/uploads\/2021\/06\/right-arrow.svg\"},{\"@type\":\"BreadcrumbList\",\"@id\":\"https:\/\/goprint.ee\/tooted\/#breadcrumb\",\"itemListElement\":[{\"@type\":\"ListItem\",\"position\":1,\"name\":\"Home\",\"item\":\"https:\/\/goprint.ee\/en\/\"},{\"@type\":\"ListItem\",\"position\":2,\"name\":\"Print\"}]},{\"@type\":\"WebSite\",\"@id\":\"https:\/\/goprint.ee\/#website\",\"url\":\"https:\/\/goprint.ee\/\",\"name\":\"GoPrint\",\"description\":\"\u0420\u0430\u0441\u0441\u0447\u0438\u0442\u0430\u0439 \u0438 \u0437\u0430\u043a\u0430\u0436\u0438 \u0443\u0441\u043b\u0443\u0433\u0438 \u043f\u0435\u0447\u0430\u0442\u0438 \u043f\u0440\u044f\u043c\u043e \u043d\u0430 \u0441\u0430\u0439\u0442\u0435\",\"potentialAction\":[{\"@type\":\"SearchAction\",\"target\":{\"@type\":\"EntryPoint\",\"urlTemplate\":\"https:\/\/goprint.ee\/?s={search_term_string}\"},\"query-input\":{\"@type\":\"PropertyValueSpecification\",\"valueRequired\":true,\"valueName\":\"search_term_string\"}}],\"inLanguage\":\"en\"}]}<\/script>\n<!-- \/ Yoast SEO plugin. -->","yoast_head_json":{"title":"Print - GoPrint","robots":{"index":"index","follow":"follow","max-snippet":"max-snippet:-1","max-image-preview":"max-image-preview:large","max-video-preview":"max-video-preview:-1"},"canonical":"https:\/\/goprint.ee\/tooted\/","og_locale":"en_US","og_type":"article","og_title":"Print - GoPrint","og_description":"\"Always live in colour\"~There is always the perfect reason to printPrintThe best way to create a positive first impression. Print on matte or glossy paper, other effects possible. Print business cards &gt;The best way to introduce your product \/ service to a passer-by is to give them a flyer. Print flyers &gt;A brochure is a [&hellip;]","og_url":"https:\/\/goprint.ee\/tooted\/","og_site_name":"GoPrint","article_modified_time":"2022-06-30T13:03:16+00:00","og_image":[{"url":"https:\/\/goprint.ee\/wp-content\/uploads\/2021\/06\/right-arrow.svg","type":"","width":"","height":""}],"twitter_card":"summary_large_image","twitter_misc":{"Est. reading time":"7 minutes"},"schema":{"@context":"https:\/\/schema.org","@graph":[{"@type":"WebPage","@id":"https:\/\/goprint.ee\/tooted\/","url":"https:\/\/goprint.ee\/tooted\/","name":"Print - GoPrint","isPartOf":{"@id":"https:\/\/goprint.ee\/#website"},"primaryImageOfPage":{"@id":"https:\/\/goprint.ee\/tooted\/#primaryimage"},"image":{"@id":"https:\/\/goprint.ee\/tooted\/#primaryimage"},"thumbnailUrl":"https:\/\/goprint.ee\/wp-content\/uploads\/2021\/06\/right-arrow.svg","datePublished":"2022-01-20T05:41:05+00:00","dateModified":"2022-06-30T13:03:16+00:00","breadcrumb":{"@id":"https:\/\/goprint.ee\/tooted\/#breadcrumb"},"inLanguage":"en","potentialAction":[{"@type":"ReadAction","target":["https:\/\/goprint.ee\/tooted\/"]}]},{"@type":"ImageObject","inLanguage":"en","@id":"https:\/\/goprint.ee\/tooted\/#primaryimage","url":"https:\/\/goprint.ee\/wp-content\/uploads\/2021\/06\/right-arrow.svg","contentUrl":"https:\/\/goprint.ee\/wp-content\/uploads\/2021\/06\/right-arrow.svg"},{"@type":"BreadcrumbList","@id":"https:\/\/goprint.ee\/tooted\/#breadcrumb","itemListElement":[{"@type":"ListItem","position":1,"name":"Home","item":"https:\/\/goprint.ee\/en\/"},{"@type":"ListItem","position":2,"name":"Print"}]},{"@type":"WebSite","@id":"https:\/\/goprint.ee\/#website","url":"https:\/\/goprint.ee\/","name":"GoPrint","description":"\u0420\u0430\u0441\u0441\u0447\u0438\u0442\u0430\u0439 \u0438 \u0437\u0430\u043a\u0430\u0436\u0438 \u0443\u0441\u043b\u0443\u0433\u0438 \u043f\u0435\u0447\u0430\u0442\u0438 \u043f\u0440\u044f\u043c\u043e \u043d\u0430 \u0441\u0430\u0439\u0442\u0435","potentialAction":[{"@type":"SearchAction","target":{"@type":"EntryPoint","urlTemplate":"https:\/\/goprint.ee\/?s={search_term_string}"},"query-input":{"@type":"PropertyValueSpecification","valueRequired":true,"valueName":"search_term_string"}}],"inLanguage":"en"}]}},"_links":{"self":[{"href":"https:\/\/goprint.ee\/en\/wp-json\/wp\/v2\/pages\/5561","targetHints":{"allow":["GET"]}}],"collection":[{"href":"https:\/\/goprint.ee\/en\/wp-json\/wp\/v2\/pages"}],"about":[{"href":"https:\/\/goprint.ee\/en\/wp-json\/wp\/v2\/types\/page"}],"author":[{"embeddable":true,"href":"https:\/\/goprint.ee\/en\/wp-json\/wp\/v2\/users\/1"}],"replies":[{"embeddable":true,"href":"https:\/\/goprint.ee\/en\/wp-json\/wp\/v2\/comments?post=5561"}],"version-history":[{"count":8,"href":"https:\/\/goprint.ee\/en\/wp-json\/wp\/v2\/pages\/5561\/revisions"}],"predecessor-version":[{"id":8060,"href":"https:\/\/goprint.ee\/en\/wp-json\/wp\/v2\/pages\/5561\/revisions\/8060"}],"wp:attachment":[{"href":"https:\/\/goprint.ee\/en\/wp-json\/wp\/v2\/media?parent=5561"}],"curies":[{"name":"wp","href":"https:\/\/api.w.org\/{rel}","templated":true}]}}